{"id":1068,"date":"2017-01-25T17:18:50","date_gmt":"2017-01-25T16:18:50","guid":{"rendered":"https:\/\/www.subsea-tech.com?page_id=1068"},"modified":"2025-01-09T10:53:35","modified_gmt":"2025-01-09T09:53:35","slug":"distributors","status":"publish","type":"page","link":"https:\/\/www.subsea-tech.com\/fr\/distributors\/","title":{"rendered":"Nos agents et distributeurs"},"content":{"rendered":"<p>[et_pb_section fb_built=&#8221;1&#8243; _builder_version=&#8221;4.16&#8243; background_image=&#8221;https:\/\/www.subsea-tech.com\/wp-content\/uploads\/2017\/12\/distributors-1.jpg&#8221; custom_padding=&#8221;200px|||&#8221; global_colors_info=&#8221;{}&#8221;][et_pb_row _builder_version=&#8221;4.16&#8243; global_colors_info=&#8221;{}&#8221;][et_pb_column type=&#8221;4_4&#8243; _builder_version=&#8221;4.16&#8243; custom_padding=&#8221;|||&#8221; global_colors_info=&#8221;{}&#8221; custom_padding__hover=&#8221;|||&#8221;][et_pb_text _builder_version=&#8221;4.16&#8243; text_font=&#8221;||||||||&#8221; background_layout=&#8221;dark&#8221; global_colors_info=&#8221;{}&#8221;]<\/p>\n<h1><strong>Nos distributeurs<\/strong><\/h1>\n<p>[\/et_pb_text][\/et_pb_column][\/et_pb_row][\/et_pb_section][et_pb_section fb_built=&#8221;1&#8243; custom_padding_last_edited=&#8221;on|desktop&#8221; admin_label=&#8221;section&#8221; _builder_version=&#8221;4.16&#8243; custom_padding=&#8221;|||&#8221; custom_padding_tablet=&#8221;50px|0|50px|0&#8243; custom_padding_phone=&#8221;&#8221; transparent_background=&#8221;off&#8221; padding_mobile=&#8221;off&#8221; global_colors_info=&#8221;{}&#8221;][et_pb_row padding_mobile=&#8221;off&#8221; column_padding_mobile=&#8221;on&#8221; _builder_version=&#8221;4.16&#8243; background_size=&#8221;initial&#8221; background_position=&#8221;top_left&#8221; background_repeat=&#8221;repeat&#8221; custom_padding=&#8221;40px|0px|27px|0px&#8221; global_colors_info=&#8221;{}&#8221;][et_pb_column type=&#8221;4_4&#8243; _builder_version=&#8221;4.16&#8243; custom_padding=&#8221;|||&#8221; global_colors_info=&#8221;{}&#8221; custom_padding__hover=&#8221;|||&#8221;][et_pb_map zoom_level=&#8221;3&#8243; address_lat=&#8221;-28.924346714666&#8243; address_lng=&#8221;63.02223171283&#8243; _builder_version=&#8221;4.27.4&#8243; _module_preset=&#8221;default&#8221; hover_enabled=&#8221;0&#8243; global_colors_info=&#8221;{}&#8221; sticky_enabled=&#8221;0&#8243;][et_pb_map_pin title=&#8221;Dynamic Marine Systems&#8221; pin_address=&#8221;Le Cap, Afrique du Sud&#8221; pin_address_lat=&#8221;-33.9248685&#8243; pin_address_lng=&#8221;18.4240553&#8243; _builder_version=&#8221;4.27.4&#8243; _module_preset=&#8221;default&#8221; global_colors_info=&#8221;{}&#8221; hover_enabled=&#8221;0&#8243; sticky_enabled=&#8221;0&#8243;]<\/p>\n<p>\ud83d\udce7 <strong><a href=\"mailto:selvyn.gounden@dynamicmarine.co.za\">steve.smith@dynamicmarine.co.za<\/a><\/strong><\/p>\n<p>[\/et_pb_map_pin][et_pb_map_pin title=&#8221;Neptune Store&#8221; pin_address=&#8221;Alger, Alg\u00e9rie&#8221; pin_address_lat=&#8221;36.753768&#8243; pin_address_lng=&#8221;3.0587561&#8243; _builder_version=&#8221;4.27.4&#8243; _module_preset=&#8221;default&#8221; global_colors_info=&#8221;{}&#8221; hover_enabled=&#8221;0&#8243; sticky_enabled=&#8221;0&#8243;]<\/p>\n<p>\ud83d\udce7 khc@neptunestore.dz<\/p>\n<p>[\/et_pb_map_pin][et_pb_map_pin title=&#8221;Clemaco Trading (Serco)&#8221; pin_address=&#8221;16 Bartley Way, Hook RG27 9UY, Royaume-Uni&#8221; pin_address_lat=&#8221;51.2801992&#8243; pin_address_lng=&#8221;-0.9499715&#8243; _builder_version=&#8221;4.27.4&#8243; _module_preset=&#8221;default&#8221; global_colors_info=&#8221;{}&#8221; hover_enabled=&#8221;0&#8243; sticky_enabled=&#8221;0&#8243;]<\/p>\n<p><span>\ud83d\udcde <\/span><a href=\"mailto:generalenquiries@serco.com\">generalenquiries@serco.com<\/a><\/p>\n<p>[\/et_pb_map_pin][et_pb_map_pin title=&#8221;Nutecmar&#8221; pin_address=&#8221;S\u00e3o Paulo, \u00c9tat de S\u00e3o Paulo, Br\u00e9sil&#8221; pin_address_lat=&#8221;-23.5557714&#8243; pin_address_lng=&#8221;-46.6395571&#8243; _builder_version=&#8221;4.27.4&#8243; _module_preset=&#8221;default&#8221; global_colors_info=&#8221;{}&#8221; hover_enabled=&#8221;0&#8243; sticky_enabled=&#8221;0&#8243;]<\/p>\n<p>\ud83d\udce7 <a data-auto-recognition=\"true\" href=\"mailto:contato@nutecmar.com.br\" class=\"wixui-rich-text__text\">servicos@nutecmar.com.br<\/a><\/p>\n<p>[\/et_pb_map_pin][et_pb_map_pin title=&#8221;NILS INT&#8217;LTD&#8221; pin_address=&#8221;Vi\u00f1a del Mar, Valpara\u00edso, Chili&#8221; zoom_level=&#8221;4&#8243; pin_address_lat=&#8221;-33.0153481&#8243; pin_address_lng=&#8221;-71.5500276&#8243; _builder_version=&#8221;4.27.4&#8243; _module_preset=&#8221;default&#8221; global_colors_info=&#8221;{}&#8221; hover_enabled=&#8221;0&#8243; sticky_enabled=&#8221;0&#8243;]<\/p>\n<p data-pm-slice=\"1 1 []\">\ud83d\udce7 ca.fuentes@nils.cl<\/p>\n<p>[\/et_pb_map_pin][et_pb_map_pin title=&#8221;Seanex Solutech Corp&#8221; pin_address=&#8221;1576-1 Tanhyeon-dong, Ilsanseo-gu, Goyang-si, Gyeonggi-do, Cor\u00e9e du Sud&#8221; pin_address_lat=&#8221;37.6905201&#8243; pin_address_lng=&#8221;126.7631178&#8243; _builder_version=&#8221;4.27.4&#8243; _module_preset=&#8221;default&#8221; global_colors_info=&#8221;{}&#8221; hover_enabled=&#8221;0&#8243; sticky_enabled=&#8221;0&#8243;]<\/p>\n<p><span>\ud83d\udce7 hkim@tetra-ies.com<\/span><span><br \/><\/span><\/p>\n<p>[\/et_pb_map_pin][et_pb_map_pin title=&#8221;ACE Centro Enterprises&#8221; pin_address=&#8221;Sultan Bin Zayed The First St &#8211; Abu Dhabi &#8211; \u00c9mirats arabes unis&#8221; pin_address_lat=&#8221;24.4878002&#8243; pin_address_lng=&#8221;54.3643933&#8243; _builder_version=&#8221;4.27.4&#8243; _module_preset=&#8221;default&#8221; global_colors_info=&#8221;{}&#8221; hover_enabled=&#8221;0&#8243; sticky_enabled=&#8221;0&#8243;]<\/p>\n<p><a class=\" longNum\" aria-label=\"T\u00e9l\u00e9phone +971 2 673 7900\" href=\"tel:+97126737900\" h=\"ID=SERP,5584.1\">\ud83d\udce7 procurement@acecentro.com<\/a><\/p>\n<p>[\/et_pb_map_pin][et_pb_map_pin title=&#8221;GeoSense&#8221; pin_address=&#8221;Proektasi Maiandrou, Oreokastro 570 13, Gr\u00e8ce&#8221; pin_address_lat=&#8221;40.6946396&#8243; pin_address_lng=&#8221;22.9071833&#8243; _builder_version=&#8221;4.27.4&#8243; _module_preset=&#8221;default&#8221; global_colors_info=&#8221;{}&#8221; hover_enabled=&#8221;0&#8243; sticky_enabled=&#8221;0&#8243;]<\/p>\n<p>\ud83d\udce7 ramnalis@geosense.gr<\/p>\n<p>[\/et_pb_map_pin][et_pb_map_pin title=&#8221;Maresco&#8221; pin_address=&#8221;Attique, Gr\u00e8ce&#8221; pin_address_lat=&#8221;38.0457568&#8243; pin_address_lng=&#8221;23.8584737&#8243; _builder_version=&#8221;4.27.4&#8243; _module_preset=&#8221;default&#8221; global_colors_info=&#8221;{}&#8221; hover_enabled=&#8221;0&#8243; sticky_enabled=&#8221;0&#8243;]<\/p>\n<p>\ud83d\udce7 tech@maresco.gr<\/p>\n<p>[\/et_pb_map_pin][et_pb_map_pin title=&#8221;Grafinta&#8221; pin_address=&#8221;Madrid, Espagne&#8221; pin_address_lat=&#8221;40.4167754&#8243; pin_address_lng=&#8221;-3.7037902&#8243; _builder_version=&#8221;4.27.4&#8243; _module_preset=&#8221;default&#8221; global_colors_info=&#8221;{}&#8221; hover_enabled=&#8221;0&#8243; sticky_enabled=&#8221;0&#8243;]<\/p>\n<p>\ud83d\udce7 grafinta@grafinta.com<\/p>\n<p>[\/et_pb_map_pin][et_pb_map_pin title=&#8221;Struktur Pintar&#8221; pin_address=&#8221;Jakarta, Indon\u00e9sie&#8221; pin_address_lat=&#8221;-6.2087634&#8243; pin_address_lng=&#8221;106.845599&#8243; _builder_version=&#8221;4.27.4&#8243; _module_preset=&#8221;default&#8221; global_colors_info=&#8221;{}&#8221; hover_enabled=&#8221;0&#8243; sticky_enabled=&#8221;0&#8243;]<\/p>\n<p>\ud83d\udce7 <a href=\"http:\/\/strukturpintar.com\/contact.php#\">poltak@strukturpintar.com<\/a><br \/>\ud83d\udcde +62 21 5278835<\/p>\n<p>[\/et_pb_map_pin][et_pb_map_pin title=&#8221;Eurosportos&#8221; pin_address=&#8221;Via di Porto, 18, 50018 Scandicci FI, Italie&#8221; pin_address_lat=&#8221;43.7687816&#8243; pin_address_lng=&#8221;11.1520564&#8243; _builder_version=&#8221;4.27.4&#8243; _module_preset=&#8221;default&#8221; global_colors_info=&#8221;{}&#8221; hover_enabled=&#8221;0&#8243; sticky_enabled=&#8221;0&#8243;]<\/p>\n<p>\ud83d\udce7 info@eurosportos.it<\/p>\n<p>[\/et_pb_map_pin][et_pb_map_pin title=&#8221;Funayama&#8221; pin_address=&#8221;2-ch\u014dme-3-2 Tsukishima, Chuo City, Tokyo 104-0052, Japon&#8221; pin_address_lat=&#8221;35.6620208&#8243; pin_address_lng=&#8221;139.7850483&#8243; _builder_version=&#8221;4.27.4&#8243; _module_preset=&#8221;default&#8221; global_colors_info=&#8221;{}&#8221; hover_enabled=&#8221;0&#8243; sticky_enabled=&#8221;0&#8243;]<\/p>\n<p>\ud83d\udce7 tada@funayama.co.jp<\/p>\n<p>[\/et_pb_map_pin][et_pb_map_pin title=&#8221;Seisgadget&#8221; pin_address=&#8221;\u014cta, Tokyo, Japon&#8221; zoom_level=&#8221;4&#8243; pin_address_lat=&#8221;35.561407&#8243; pin_address_lng=&#8221;139.7160626&#8243; _builder_version=&#8221;4.27.4&#8243; _module_preset=&#8221;default&#8221; global_colors_info=&#8221;{}&#8221; hover_enabled=&#8221;0&#8243; sticky_enabled=&#8221;0&#8243;]<\/p>\n<p>\ud83d\udce7 ahanaki@seisgadget.com<\/p>\n<p>[\/et_pb_map_pin][et_pb_map_pin title=&#8221;ECMS Resources&#8221; pin_address=&#8221;Kuantan, Pahang, Malaisie&#8221; zoom_level=&#8221;2&#8243; pin_address_lat=&#8221;3.8168287&#8243; pin_address_lng=&#8221;103.3317173&#8243; _builder_version=&#8221;4.27.4&#8243; _module_preset=&#8221;default&#8221; global_colors_info=&#8221;{}&#8221; hover_enabled=&#8221;0&#8243; sticky_enabled=&#8221;0&#8243;]<\/p>\n<p>\ud83d\udce7 rasidi@ecms-resources.my<\/p>\n<p>[\/et_pb_map_pin][et_pb_map_pin title=&#8221;CRESSE Consulting&#8221; pin_address=&#8221;Avenue du 2 Mars\u060c Dar-el-Beida, Maroc&#8221; pin_address_lat=&#8221;33.5594925&#8243; pin_address_lng=&#8221;-7.6083202&#8243; _builder_version=&#8221;4.27.4&#8243; _module_preset=&#8221;default&#8221; global_colors_info=&#8221;{}&#8221; hover_enabled=&#8221;0&#8243; sticky_enabled=&#8221;0&#8243;]<\/p>\n<p data-pm-slice=\"1 1 []\">\ud83d\udce7 j.bahjja@cresseconsulting.com<\/p>\n<p>[\/et_pb_map_pin][et_pb_map_pin title=&#8221;Robotic Subsea Services&#8221; pin_address=&#8221;Santa Cruz, Panam\u00e1, Panama&#8221; zoom_level=&#8221;6&#8243; pin_address_lat=&#8221;9.116591&#8243; pin_address_lng=&#8221;-79.4404069&#8243; _builder_version=&#8221;4.27.4&#8243; _module_preset=&#8221;default&#8221; global_colors_info=&#8221;{}&#8221; hover_enabled=&#8221;0&#8243; sticky_enabled=&#8221;0&#8243;]<\/p>\n<p>\ud83d\udce7 ccastillo@roboticsubsea.com<\/p>\n<p>[\/et_pb_map_pin][et_pb_map_pin title=&#8221;Escort Ltd&#8221; pin_address=&#8221;Szczecin, Pologne&#8221; pin_address_lat=&#8221;53.4285438&#8243; pin_address_lng=&#8221;14.5528116&#8243; _builder_version=&#8221;4.27.4&#8243; _module_preset=&#8221;default&#8221; global_colors_info=&#8221;{}&#8221; hover_enabled=&#8221;0&#8243; sticky_enabled=&#8221;0&#8243;]<\/p>\n<p>\ud83d\udce7 <a href=\"mailto:escort@escort.com.pl\">escort@escort.com.pl<\/a><\/p>\n<p>[\/et_pb_map_pin][et_pb_map_pin title=&#8221;Casco Antiguo&#8221; pin_address=&#8221;Coina, Portugal&#8221; pin_address_lat=&#8221;38.593783&#8243; pin_address_lng=&#8221;-9.0417408&#8243; _builder_version=&#8221;4.27.4&#8243; _module_preset=&#8221;default&#8221; global_colors_info=&#8221;{}&#8221; hover_enabled=&#8221;0&#8243; sticky_enabled=&#8221;0&#8243;]<\/p>\n<p>\ud83d\udce7 lima@cascoantiguo.com<\/p>\n<p>[\/et_pb_map_pin][et_pb_map_pin title=&#8221;STELLAR Advanced Technologies and Defense Systems&#8221; pin_address=&#8221;Ankara, Turquie&#8221; pin_address_lat=&#8221;39.9333635&#8243; pin_address_lng=&#8221;32.8597419&#8243; _builder_version=&#8221;4.27.4&#8243; _module_preset=&#8221;default&#8221; global_colors_info=&#8221;{}&#8221; hover_enabled=&#8221;0&#8243; sticky_enabled=&#8221;0&#8243;]<\/p>\n<p>\ud83d\udce7 hakan.aytuluk@stellardefence.com<\/p>\n<p>[\/et_pb_map_pin][et_pb_map_pin title=&#8221;Shackleton Offshore Survey &#038; Personnel Ltd.&#8221; pin_address=&#8221;Pays de Galles, Royaume-Uni&#8221; zoom_level=&#8221;5&#8243; pin_address_lat=&#8221;52.1306607&#8243; pin_address_lng=&#8221;-3.7837117&#8243; _builder_version=&#8221;4.27.4&#8243; _module_preset=&#8221;default&#8221; global_colors_info=&#8221;{}&#8221; hover_enabled=&#8221;0&#8243; sticky_enabled=&#8221;0&#8243;]<\/p>\n<p>\ud83d\udce7 <a href=\"mailto:james@shackletonoffshore.com\" runtime_url=\"mailto:james@shackletonoffshore.com\" type=\"email\" target=\"_blank\" rel=\"noopener\">james@shackletonoffshore.com<\/a><\/p>\n<p>[\/et_pb_map_pin][et_pb_map_pin title=&#8221;Wilmot Associates Limited&#8221; pin_address=&#8221;68 Rue du Faubourg Saint-Antoine, 75012 Paris, France&#8221; pin_address_lat=&#8221;48.8521478&#8243; pin_address_lng=&#8221;2.3732356&#8243; _builder_version=&#8221;4.27.4&#8243; _module_preset=&#8221;default&#8221; global_colors_info=&#8221;{}&#8221; hover_enabled=&#8221;0&#8243; sticky_enabled=&#8221;0&#8243;]<\/p>\n<p><span>\ud83d\udce7james@wasubsea.com<\/span><span><br \/><\/span><\/p>\n<p>[\/et_pb_map_pin][et_pb_map_pin _builder_version=&#8221;4.27.4&#8243; _module_preset=&#8221;default&#8221; title=&#8221;DMS Tech&#8221; pin_address=&#8221;Beiqijiazhen, Changping District, Beijing, Chine, 102209&#8243; pin_address_lat=&#8221;40.117922&#8243; pin_address_lng=&#8221;116.424551&#8243; hover_enabled=&#8221;0&#8243; sticky_enabled=&#8221;0&#8243;]<\/p>\n<p>\ud83d\udce7 pengchen@dmstech.com.cn<\/p>\n<p>[\/et_pb_map_pin][\/et_pb_map][\/et_pb_column][\/et_pb_row][\/et_pb_section]<\/p>\n","protected":false},"excerpt":{"rendered":"<p>Nos distributeurs\ud83d\udce7 steve.smith@dynamicmarine.co.za\ud83d\udce7 khc@neptunestore.dz\ud83d\udcde generalenquiries@serco.com\ud83d\udce7 servicos@nutecmar.com.br\ud83d\udce7 ca.fuentes@nils.cl\ud83d\udce7 hkim@tetra-ies.com\ud83d\udce7 procurement@acecentro.com\ud83d\udce7 ramnalis@geosense.gr\ud83d\udce7 tech@maresco.gr\ud83d\udce7 grafinta@grafinta.com\ud83d\udce7 poltak@strukturpintar.com\ud83d\udcde +62 21 5278835\ud83d\udce7 info@eurosportos.it\ud83d\udce7 tada@funayama.co.jp\ud83d\udce7 ahanaki@seisgadget.com\ud83d\udce7 rasidi@ecms-resources.my\ud83d\udce7 j.bahjja@cresseconsulting.com\ud83d\udce7 ccastillo@roboticsubsea.com\ud83d\udce7 escort@escort.com.pl\ud83d\udce7 lima@cascoantiguo.com\ud83d\udce7 hakan.aytuluk@stellardefence.com\ud83d\udce7 james@shackletonoffshore.com\ud83d\udce7james@wasubsea.com\ud83d\udce7 pengchen@dmstech.com.cn<\/p>\n","protected":false},"author":1,"featured_media":0,"parent":0,"menu_order":0,"comment_status":"closed","ping_status":"closed","template":"","meta":{"_et_pb_use_builder":"on","_et_pb_old_content":"","_et_gb_content_width":"","footnotes":""},"class_list":["post-1068","page","type-page","status-publish","hentry"],"_links":{"self":[{"href":"https:\/\/www.subsea-tech.com\/fr\/wp-json\/wp\/v2\/pages\/1068","targetHints":{"allow":["GET"]}}],"collection":[{"href":"https:\/\/www.subsea-tech.com\/fr\/wp-json\/wp\/v2\/pages"}],"about":[{"href":"https:\/\/www.subsea-tech.com\/fr\/wp-json\/wp\/v2\/types\/page"}],"author":[{"embeddable":true,"href":"https:\/\/www.subsea-tech.com\/fr\/wp-json\/wp\/v2\/users\/1"}],"replies":[{"embeddable":true,"href":"https:\/\/www.subsea-tech.com\/fr\/wp-json\/wp\/v2\/comments?post=1068"}],"version-history":[{"count":0,"href":"https:\/\/www.subsea-tech.com\/fr\/wp-json\/wp\/v2\/pages\/1068\/revisions"}],"wp:attachment":[{"href":"https:\/\/www.subsea-tech.com\/fr\/wp-json\/wp\/v2\/media?parent=1068"}],"curies":[{"name":"wp","href":"https:\/\/api.w.org\/{rel}","templated":true}]}}