{"id":1120,"date":"2017-01-26T11:42:17","date_gmt":"2017-01-26T10:42:17","guid":{"rendered":"https:\/\/www.subsea-tech.com?page_id=1120"},"modified":"2025-10-09T16:59:42","modified_gmt":"2025-10-09T14:59:42","slug":"recrutement","status":"publish","type":"page","link":"https:\/\/www.subsea-tech.com\/fr\/recrutement\/","title":{"rendered":"Recrutement"},"content":{"rendered":"<p>[et_pb_section fb_built=&#8221;1&#8243; custom_padding_last_edited=&#8221;off|desktop&#8221; admin_label=&#8221;section&#8221; _builder_version=&#8221;4.16&#8243; background_image=&#8221;https:\/\/www.subsea-tech.com\/wp-content\/uploads\/2017\/12\/carrieres.jpg&#8221; custom_padding=&#8221;200px|||&#8221; custom_padding_tablet=&#8221;50px|0|50px|0&#8243; transparent_background=&#8221;off&#8221; global_colors_info=&#8221;{}&#8221;][et_pb_row column_padding_mobile=&#8221;on&#8221; _builder_version=&#8221;4.16&#8243; background_size=&#8221;initial&#8221; background_position=&#8221;top_left&#8221; background_repeat=&#8221;repeat&#8221; custom_margin=&#8221;|||&#8221; custom_padding=&#8221;|||&#8221; global_colors_info=&#8221;{}&#8221;][et_pb_column type=&#8221;4_4&#8243; _builder_version=&#8221;4.16&#8243; custom_padding=&#8221;|||&#8221; global_colors_info=&#8221;{}&#8221; custom_padding__hover=&#8221;|||&#8221;][et_pb_text _builder_version=&#8221;4.18.0&#8243; background_size=&#8221;initial&#8221; background_position=&#8221;top_left&#8221; background_repeat=&#8221;repeat&#8221; custom_margin=&#8221;||0px|&#8221; custom_padding=&#8221;||0px|&#8221; use_border_color=&#8221;off&#8221; border_style=&#8221;solid&#8221; global_colors_info=&#8221;{}&#8221;]<\/p>\n<h1><strong><\/strong><\/h1>\n<h1><strong>Recrutement<\/strong><\/h1>\n<p>[\/et_pb_text][\/et_pb_column][\/et_pb_row][\/et_pb_section][et_pb_section fb_built=&#8221;1&#8243; _builder_version=&#8221;4.16&#8243; global_colors_info=&#8221;{}&#8221;][et_pb_row _builder_version=&#8221;4.27.4&#8243; _module_preset=&#8221;default&#8221; hover_enabled=&#8221;0&#8243; global_colors_info=&#8221;{}&#8221; sticky_enabled=&#8221;0&#8243;][et_pb_column type=&#8221;4_4&#8243; _builder_version=&#8221;4.27.4&#8243; _module_preset=&#8221;default&#8221; global_colors_info=&#8221;{}&#8221;][et_pb_accordion open_toggle_background_color=&#8221;RGBA(255,255,255,0)&#8221; toggle_icon=&#8221;&#x3f;||divi||400&#8243; _builder_version=&#8221;4.27.4&#8243; _module_preset=&#8221;default&#8221; background_color=&#8221;RGBA(255,255,255,0)&#8221; hover_enabled=&#8221;0&#8243; global_colors_info=&#8221;{}&#8221; sticky_enabled=&#8221;0&#8243;][et_pb_accordion_item title=&#8221;Technicien(ne) Polyvalent(e) \u00c9lectrotechnique et M\u00e9canique \u2013 CDI Temps plein&#8221; open=&#8221;on&#8221; _builder_version=&#8221;4.27.4&#8243; _module_preset=&#8221;default&#8221; global_colors_info=&#8221;{}&#8221;]<\/p>\n<p data-start=\"272\" data-end=\"300\"><strong data-start=\"272\" data-end=\"298\">Missions principales :<\/strong><\/p>\n<ul data-start=\"301\" data-end=\"929\">\n<li data-start=\"301\" data-end=\"486\">\n<p data-start=\"303\" data-end=\"486\">Pose, montage et fixation de composants \u00e9lectriques sur diff\u00e9rents supports (ch\u00e2ssis m\u00e9caniques, ch\u00e2ssis de commandes\u2026) \u00e0 partir de dossiers, plans m\u00e9caniques ou sch\u00e9mas \u00e9lectriques<\/p>\n<\/li>\n<li data-start=\"487\" data-end=\"608\">\n<p data-start=\"489\" data-end=\"608\">Connexion de fils, c\u00e2bles et \u00e9l\u00e9ments composant des organes de commandes ou \u00e9quipements \u00e9lectrom\u00e9caniques\/\u00e9lectriques<\/p>\n<\/li>\n<li data-start=\"609\" data-end=\"725\">\n<p data-start=\"611\" data-end=\"725\">R\u00e9alisation de modifications de c\u00e2blage, essais et r\u00e9glages pour l\u2019installation ou la remise en \u00e9tat du mat\u00e9riel<\/p>\n<\/li>\n<li data-start=\"726\" data-end=\"801\">\n<p data-start=\"728\" data-end=\"801\">Montage de pi\u00e8ces m\u00e9caniques \u00e0 partir de plans ou proc\u00e9dures de montage<\/p>\n<\/li>\n<li data-start=\"802\" data-end=\"858\">\n<p data-start=\"804\" data-end=\"858\">Test du bon fonctionnement des \u00e9quipements assembl\u00e9s<\/p>\n<\/li>\n<li data-start=\"859\" data-end=\"929\">\n<p data-start=\"861\" data-end=\"929\">Mise \u00e0 jour de la documentation technique de montage si n\u00e9cessaire<\/p>\n<\/li>\n<\/ul>\n<p data-start=\"931\" data-end=\"955\"><strong data-start=\"931\" data-end=\"953\">Profil recherch\u00e9 :<\/strong><\/p>\n<ul data-start=\"956\" data-end=\"1364\">\n<li data-start=\"956\" data-end=\"1025\">\n<p data-start=\"958\" data-end=\"1025\">Dipl\u00f4me en \u00e9lectrom\u00e9canique ou \u00e9quivalent (BEP\/CAP, Bac Pro, BTS)<\/p>\n<\/li>\n<li data-start=\"1026\" data-end=\"1080\">\n<p data-start=\"1028\" data-end=\"1080\">Minimum 2 ans d\u2019exp\u00e9rience dans un poste similaire<\/p>\n<\/li>\n<li data-start=\"1081\" data-end=\"1151\">\n<p data-start=\"1083\" data-end=\"1151\">Int\u00e9r\u00eat pour les produits techniques et les nouvelles technologies<\/p>\n<\/li>\n<li data-start=\"1152\" data-end=\"1239\">\n<p data-start=\"1154\" data-end=\"1239\">Comp\u00e9tences solides en lecture et interpr\u00e9tation de plans \u00e9lectriques et m\u00e9caniques<\/p>\n<\/li>\n<li data-start=\"1240\" data-end=\"1309\">\n<p data-start=\"1242\" data-end=\"1309\">Habilet\u00e9 pour les travaux manuels (d\u00e9montage, remontage, c\u00e2blage)<\/p>\n<\/li>\n<li data-start=\"1310\" data-end=\"1364\">\n<p data-start=\"1312\" data-end=\"1364\">Polyvalence, rigueur, autonomie et esprit d\u2019\u00e9quipe<\/p>\n<\/li>\n<\/ul>\n<p data-start=\"1366\" data-end=\"1451\"><strong data-start=\"1366\" data-end=\"1384\">R\u00e9mun\u00e9ration :<\/strong> Salaire attractif, selon exp\u00e9rience et comp\u00e9tences<br data-start=\"1416\" data-end=\"1419\" \/><strong data-start=\"1419\" data-end=\"1439\">Prise de poste :<\/strong> imm\u00e9diate<\/p>\n<p data-start=\"1453\" data-end=\"1565\">\ud83d\udce9 Envoyez CV et lettre de motivation \u00e0 : <strong data-start=\"1495\" data-end=\"1519\"><a data-start=\"1497\" data-end=\"1517\" class=\"decorated-link cursor-pointer\" rel=\"noopener\">jobs@subsea-tech.com<span aria-hidden=\"true\" class=\"ms-0.5 inline-block align-middle leading-none\"><svg width=\"20\" height=\"20\" viewbox=\"0 0 20 20\" fill=\"currentColor\" xmlns=\"http:\/\/www.w3.org\/2000\/svg\" data-rtl-flip=\"\" class=\"block h-[0.75em] w-[0.75em] stroke-current stroke-[0.75]\"><path d=\"M14.3349 13.3301V6.60645L5.47065 15.4707C5.21095 15.7304 4.78895 15.7304 4.52925 15.4707C4.26955 15.211 4.26955 14.789 4.52925 14.5293L13.3935 5.66504H6.66011C6.29284 5.66504 5.99507 5.36727 5.99507 5C5.99507 4.63273 6.29284 4.33496 6.66011 4.33496H14.9999L15.1337 4.34863C15.4369 4.41057 15.665 4.67857 15.665 5V13.3301C15.6649 13.6973 15.3672 13.9951 14.9999 13.9951C14.6327 13.9951 14.335 13.6973 14.3349 13.3301Z\"><\/path><\/svg><\/span><\/a><\/strong> (pr\u00e9ciser l\u2019intitul\u00e9 du poste dans l\u2019objet)<\/p>\n<p>[\/et_pb_accordion_item][\/et_pb_accordion][\/et_pb_column][\/et_pb_row][\/et_pb_section]<\/p>\n","protected":false},"excerpt":{"rendered":"<p>RecrutementMissions principales : Pose, montage et fixation de composants \u00e9lectriques sur diff\u00e9rents supports (ch\u00e2ssis m\u00e9caniques, ch\u00e2ssis de commandes\u2026) \u00e0 partir de dossiers, plans m\u00e9caniques ou sch\u00e9mas \u00e9lectriques Connexion de fils, [&hellip;]<\/p>\n","protected":false},"author":1,"featured_media":0,"parent":0,"menu_order":0,"comment_status":"closed","ping_status":"closed","template":"","meta":{"_et_pb_use_builder":"on","_et_pb_old_content":"","_et_gb_content_width":"","footnotes":""},"class_list":["post-1120","page","type-page","status-publish","hentry"],"_links":{"self":[{"href":"https:\/\/www.subsea-tech.com\/fr\/wp-json\/wp\/v2\/pages\/1120","targetHints":{"allow":["GET"]}}],"collection":[{"href":"https:\/\/www.subsea-tech.com\/fr\/wp-json\/wp\/v2\/pages"}],"about":[{"href":"https:\/\/www.subsea-tech.com\/fr\/wp-json\/wp\/v2\/types\/page"}],"author":[{"embeddable":true,"href":"https:\/\/www.subsea-tech.com\/fr\/wp-json\/wp\/v2\/users\/1"}],"replies":[{"embeddable":true,"href":"https:\/\/www.subsea-tech.com\/fr\/wp-json\/wp\/v2\/comments?post=1120"}],"version-history":[{"count":0,"href":"https:\/\/www.subsea-tech.com\/fr\/wp-json\/wp\/v2\/pages\/1120\/revisions"}],"wp:attachment":[{"href":"https:\/\/www.subsea-tech.com\/fr\/wp-json\/wp\/v2\/media?parent=1120"}],"curies":[{"name":"wp","href":"https:\/\/api.w.org\/{rel}","templated":true}]}}