{"id":11620,"date":"2021-06-10T11:54:54","date_gmt":"2021-06-10T09:54:54","guid":{"rendered":"https:\/\/www.subsea-tech.com\/?page_id=11620"},"modified":"2022-10-07T11:52:24","modified_gmt":"2022-10-07T09:52:24","slug":"energies-marines-renouvelables","status":"publish","type":"page","link":"https:\/\/www.subsea-tech.com\/fr\/energies-marines-renouvelables\/","title":{"rendered":"\u00c9nergies Marines Renouvelables"},"content":{"rendered":"<p>[et_pb_section fb_built=&#8221;1&#8243; admin_label=&#8221;section&#8221; _builder_version=&#8221;4.16&#8243; background_image=&#8221;https:\/\/www.subsea-tech.com\/wp-content\/uploads\/2021\/06\/top_marineenergy-2.jpg&#8221; custom_padding=&#8221;240px||40px|&#8221; transparent_background=&#8221;off&#8221; global_colors_info=&#8221;{}&#8221;][et_pb_row admin_label=&#8221;row&#8221; _builder_version=&#8221;4.16&#8243; background_size=&#8221;initial&#8221; background_position=&#8221;top_left&#8221; background_repeat=&#8221;repeat&#8221; global_colors_info=&#8221;{}&#8221;][et_pb_column type=&#8221;4_4&#8243; _builder_version=&#8221;4.16&#8243; custom_padding=&#8221;|||&#8221; global_colors_info=&#8221;{}&#8221; custom_padding__hover=&#8221;|||&#8221;][et_pb_text admin_label=&#8221;Text&#8221; _builder_version=&#8221;4.18.0&#8243; background_size=&#8221;initial&#8221; background_position=&#8221;top_left&#8221; background_repeat=&#8221;repeat&#8221; background_layout=&#8221;dark&#8221; hover_enabled=&#8221;0&#8243; use_border_color=&#8221;off&#8221; border_style=&#8221;solid&#8221; global_colors_info=&#8221;{}&#8221; text_font_size=&#8221;18px&#8221; sticky_enabled=&#8221;0&#8243;]<\/p>\n<p>Services &gt; Missions<\/p>\n<h1><strong>\u00c9nergies Marines Renouvelables<br \/><\/strong><\/h1>\n<p>[\/et_pb_text][\/et_pb_column][\/et_pb_row][\/et_pb_section][et_pb_section fb_built=&#8221;1&#8243; admin_label=&#8221;section&#8221; _builder_version=&#8221;4.16&#8243; background_color=&#8221;#f7f7f7&#8243; transparent_background=&#8221;off&#8221; global_colors_info=&#8221;{}&#8221;][et_pb_row column_structure=&#8221;1_3,2_3&#8243; make_equal=&#8221;on&#8221; admin_label=&#8221;row&#8221; _builder_version=&#8221;4.16&#8243; background_size=&#8221;initial&#8221; background_position=&#8221;top_left&#8221; background_repeat=&#8221;repeat&#8221; custom_padding=&#8221;0px|0px|0px|0px&#8221; global_colors_info=&#8221;{}&#8221;][et_pb_column type=&#8221;1_3&#8243; _builder_version=&#8221;4.16&#8243; custom_padding=&#8221;|||&#8221; custom_css_main_element=&#8221;display: flex; ||flex-direction: column; ||justify-content: center;&#8221; global_colors_info=&#8221;{}&#8221; custom_padding__hover=&#8221;|||&#8221;][et_pb_text admin_label=&#8221;Text&#8221; _builder_version=&#8221;4.18.0&#8243; background_size=&#8221;initial&#8221; background_position=&#8221;top_left&#8221; background_repeat=&#8221;repeat&#8221; hover_enabled=&#8221;0&#8243; use_border_color=&#8221;off&#8221; global_colors_info=&#8221;{}&#8221; sticky_enabled=&#8221;0&#8243;]<\/p>\n<p><i class=\"fa fa-check-square\" aria-hidden=\"true\"><\/i> Inspections et mesures subaquatiques<\/p>\n<p><i class=\"fa fa-check-square\" aria-hidden=\"true\"><\/i> Mod\u00e9lisation 3D de structures<\/p>\n<p><i class=\"fa fa-check-square\" aria-hidden=\"true\"><\/i> Inspections des parties \u00e9merg\u00e9es<\/p>\n<p>[\/et_pb_text][\/et_pb_column][et_pb_column type=&#8221;2_3&#8243; _builder_version=&#8221;4.16&#8243; custom_padding=&#8221;|||&#8221; custom_css_main_element=&#8221;display: flex; ||flex-direction: column; ||justify-content: center;&#8221; global_colors_info=&#8221;{}&#8221; custom_padding__hover=&#8221;|||&#8221;][et_pb_gallery gallery_ids=&#8221;11632,11638,11636,11634&#8243; posts_number=&#8221;8&#8243; show_title_and_caption=&#8221;off&#8221; show_pagination=&#8221;off&#8221; admin_label=&#8221;Gallery&#8221; _builder_version=&#8221;4.16&#8243; custom_css_gallery_item=&#8221;margin:0px 10px !important;||width: 22% !important;||clear: none !important;||&#8221; use_border_color=&#8221;off&#8221; border_color=&#8221;#ffffff&#8221; border_width=&#8221;1px&#8221; border_style=&#8221;solid&#8221; global_colors_info=&#8221;{}&#8221;][\/et_pb_gallery][\/et_pb_column][\/et_pb_row][\/et_pb_section][et_pb_section fb_built=&#8221;1&#8243; admin_label=&#8221;section&#8221; _builder_version=&#8221;4.16&#8243; custom_padding=&#8221;26px|0px|27px|0px&#8221; transparent_background=&#8221;off&#8221; global_colors_info=&#8221;{}&#8221;][et_pb_row admin_label=&#8221;row&#8221; _builder_version=&#8221;4.16&#8243; background_size=&#8221;initial&#8221; background_position=&#8221;top_left&#8221; background_repeat=&#8221;repeat&#8221; custom_padding=&#8221;27px|0px|27px|0px&#8221; global_colors_info=&#8221;{}&#8221;][et_pb_column type=&#8221;4_4&#8243; _builder_version=&#8221;4.16&#8243; custom_padding=&#8221; | || &#8221; global_colors_info=&#8221;{}&#8221; custom_padding__hover=&#8221;|||&#8221;][et_pb_text admin_label=&#8221;Text&#8221; _builder_version=&#8221;4.18.0&#8243; background_size=&#8221;initial&#8221; background_position=&#8221;top_left&#8221; background_repeat=&#8221;repeat&#8221; hover_enabled=&#8221;0&#8243; use_border_color=&#8221;off&#8221; border_style=&#8221;solid&#8221; global_colors_info=&#8221;{}&#8221; sticky_enabled=&#8221;0&#8243;]<\/p>\n<h2>Inspections visuelles et mesures CP d&#8217;\u00e9oliennes en mer du Nord<\/h2>\n<pre><em>CSpect - Mer du Nord, Belgique - 2020<\/em><\/pre>\n<p>La soci\u00e9t\u00e9 belge CSpect, sp\u00e9cialis\u00e9e notamment dans les inspections subaquatiques de parcs \u00e9oliens offshore, a utilis\u00e9 notre ROV Tortuga pour la r\u00e9alisation d&#8217;inspections visuelles et de mesures CP sur des piles d&#8217;\u00e9oliennes pos\u00e9es en Mer du Nord. La mission s&#8217;est tenue en d\u00e9cembre 2020, dans une zone pr\u00e9sentant une forte houle et des courants puissants, permettant de prouver la capacit\u00e9 d&#8217;intervention du Tortuga dans des conditions de mer difficiles. Le Tortuga \u00e9tait \u00e9quip\u00e9 d&#8217;une sonde de contact Buckleys UCP-1A (CP), pour les mesures de potentiel de protection cathodique sur les anodes sacrificielles de la pile. L&#8217;utilisation d&#8217;une potence motoris\u00e9e sp\u00e9cialement con\u00e7ue pour le Tortuga a largement facilit\u00e9 les op\u00e9rations de mise \u00e0 l&#8217;eau et de r\u00e9cup\u00e9ration du ROV, le pilotage du ROV ayant lieu depuis la plateforme de l&#8217;\u00e9olienne situ\u00e9e \u00e0 une vingtaine de m\u00e8tres au-dessus du niveau de la mer.<\/p>\n<p>[\/et_pb_text][\/et_pb_column][\/et_pb_row][et_pb_row _builder_version=&#8221;4.16&#8243; _module_preset=&#8221;default&#8221; global_colors_info=&#8221;{}&#8221;][et_pb_column type=&#8221;4_4&#8243; _builder_version=&#8221;4.16&#8243; _module_preset=&#8221;default&#8221; global_colors_info=&#8221;{}&#8221;][et_pb_gallery gallery_ids=&#8221;13750,11646,11648,11652&#8243; show_title_and_caption=&#8221;off&#8221; _builder_version=&#8221;4.16&#8243; _module_preset=&#8221;default&#8221; global_colors_info=&#8221;{}&#8221;][\/et_pb_gallery][\/et_pb_column][\/et_pb_row][et_pb_row admin_label=&#8221;row&#8221; _builder_version=&#8221;4.16&#8243; background_size=&#8221;initial&#8221; background_position=&#8221;top_left&#8221; background_repeat=&#8221;repeat&#8221; custom_padding=&#8221;27px|0px|27px|0px&#8221; global_colors_info=&#8221;{}&#8221;][et_pb_column type=&#8221;4_4&#8243; _builder_version=&#8221;4.16&#8243; custom_padding=&#8221; | || &#8221; global_colors_info=&#8221;{}&#8221; custom_padding__hover=&#8221;|||&#8221;][et_pb_text admin_label=&#8221;Text&#8221; _builder_version=&#8221;4.18.0&#8243; background_size=&#8221;initial&#8221; background_position=&#8221;top_left&#8221; background_repeat=&#8221;repeat&#8221; hover_enabled=&#8221;0&#8243; use_border_color=&#8221;off&#8221; border_style=&#8221;solid&#8221; global_colors_info=&#8221;{}&#8221; sticky_enabled=&#8221;0&#8243;]<\/p>\n<h2>Inspection subaquatique du m\u00e2t de mesure au large de F\u00e9camp<\/h2>\n<pre><em>Valemo - F\u00e9camp (76) - 2019<\/em><\/pre>\n<p>La soci\u00e9t\u00e9 Valemo est sp\u00e9cialis\u00e9e dans l&#8217;exploitation et la maintenance d&#8217;infrastructures offshore de production d&#8217;\u00e9nergie renouvelables. Elle a notamment en charge de la maintenance du m\u00e2t de mesure offshore situ\u00e9e au large de F\u00e9camp, en Seine-Maritime. Dans le cadre de ce contrat de maintenance, Valemo a confi\u00e9 \u00e0 Subsea Tech les 2 missions suivantes :<\/p>\n<ul>\n<li>La localisation par ROV d&#8217;une structure instrument\u00e9e, \u00e9quip\u00e9e notamment d&#8217;un ADCP et d&#8217;une sonde CTD, reli\u00e9e au m\u00e2t par un c\u00e2ble.<\/li>\n<li>L&#8217;observation par ROV de l\u2019environnement direct et de la fondation du m\u00e2t<\/li>\n<\/ul>\n<p>Les op\u00e9rations ont \u00e9t\u00e9 r\u00e9alis\u00e9es avec le ROV Tortuga, \u00e9quip\u00e9 d&#8217;un sonar d&#8217;imagerie Oculus M750d et d&#8217;un syst\u00e8me USBL SeaTrac, ce dernier permettant positionner pr\u00e9cis\u00e9ment la structure instrument\u00e9e sur une carte. La mission a \u00e9galement permis de tester le ROV Tortuga nouvellement d\u00e9velopp\u00e9 en conditions op\u00e9rationnelles offshore.<\/p>\n<p>[\/et_pb_text][\/et_pb_column][\/et_pb_row][et_pb_row _builder_version=&#8221;4.16&#8243; _module_preset=&#8221;default&#8221; global_colors_info=&#8221;{}&#8221;][et_pb_column type=&#8221;4_4&#8243; _builder_version=&#8221;4.16&#8243; _module_preset=&#8221;default&#8221; global_colors_info=&#8221;{}&#8221;][et_pb_gallery gallery_ids=&#8221;13748,13746,11658,11660&#8243; show_title_and_caption=&#8221;off&#8221; _builder_version=&#8221;4.16&#8243; _module_preset=&#8221;default&#8221; global_colors_info=&#8221;{}&#8221;][\/et_pb_gallery][\/et_pb_column][\/et_pb_row][\/et_pb_section]<\/p>\n","protected":false},"excerpt":{"rendered":"<p>Services &gt; Missions \u00c9nergies Marines Renouvelables Inspections et mesures subaquatiques Mod\u00e9lisation 3D de structures Inspections des parties \u00e9merg\u00e9esInspections visuelles et mesures CP d&#8217;\u00e9oliennes en mer du Nord CSpect &#8211; Mer [&hellip;]<\/p>\n","protected":false},"author":3,"featured_media":0,"parent":0,"menu_order":0,"comment_status":"closed","ping_status":"closed","template":"","meta":{"_et_pb_use_builder":"on","_et_pb_old_content":"","_et_gb_content_width":"","footnotes":""},"class_list":["post-11620","page","type-page","status-publish","hentry"],"_links":{"self":[{"href":"https:\/\/www.subsea-tech.com\/fr\/wp-json\/wp\/v2\/pages\/11620","targetHints":{"allow":["GET"]}}],"collection":[{"href":"https:\/\/www.subsea-tech.com\/fr\/wp-json\/wp\/v2\/pages"}],"about":[{"href":"https:\/\/www.subsea-tech.com\/fr\/wp-json\/wp\/v2\/types\/page"}],"author":[{"embeddable":true,"href":"https:\/\/www.subsea-tech.com\/fr\/wp-json\/wp\/v2\/users\/3"}],"replies":[{"embeddable":true,"href":"https:\/\/www.subsea-tech.com\/fr\/wp-json\/wp\/v2\/comments?post=11620"}],"version-history":[{"count":0,"href":"https:\/\/www.subsea-tech.com\/fr\/wp-json\/wp\/v2\/pages\/11620\/revisions"}],"wp:attachment":[{"href":"https:\/\/www.subsea-tech.com\/fr\/wp-json\/wp\/v2\/media?parent=11620"}],"curies":[{"name":"wp","href":"https:\/\/api.w.org\/{rel}","templated":true}]}}