{"id":15842,"date":"2022-01-31T16:16:15","date_gmt":"2022-01-31T15:16:15","guid":{"rendered":"https:\/\/www.subsea-tech.com\/sleekship\/"},"modified":"2022-10-11T15:48:24","modified_gmt":"2022-10-11T13:48:24","slug":"sleekship","status":"publish","type":"page","link":"https:\/\/www.subsea-tech.com\/fr\/sleekship\/","title":{"rendered":"SleekShip"},"content":{"rendered":"<p>[et_pb_section fb_built=&#8221;1&#8243; admin_label=&#8221;section&#8221; _builder_version=&#8221;4.16&#8243; background_image=&#8221;https:\/\/www.subsea-tech.com\/wp-content\/uploads\/2022\/01\/AdobeStock_255539409-scaled-e1643364956756.jpeg&#8221; custom_padding=&#8221;240px||40px|&#8221; transparent_background=&#8221;off&#8221; global_colors_info=&#8221;{}&#8221;][et_pb_row column_structure=&#8221;3_4,1_4&#8243; make_equal=&#8221;on&#8221; admin_label=&#8221;row&#8221; _builder_version=&#8221;4.16&#8243; background_size=&#8221;initial&#8221; background_position=&#8221;top_left&#8221; background_repeat=&#8221;repeat&#8221; custom_padding=&#8221;|||&#8221; global_colors_info=&#8221;{}&#8221;][et_pb_column type=&#8221;3_4&#8243; _builder_version=&#8221;4.16&#8243; custom_padding=&#8221;|||&#8221; custom_css_main_element=&#8221;display: flex; ||flex-direction: column; ||justify-content: center;&#8221; global_colors_info=&#8221;{}&#8221; custom_padding__hover=&#8221;|||&#8221;][et_pb_text admin_label=&#8221;Text&#8221; _builder_version=&#8221;4.18.0&#8243; background_layout=&#8221;dark&#8221; hover_enabled=&#8221;0&#8243; border_style_all=&#8221;solid&#8221; use_border_color=&#8221;off&#8221; border_style=&#8221;solid&#8221; global_colors_info=&#8221;{}&#8221; text_font_size=&#8221;18px&#8221; sticky_enabled=&#8221;0&#8243;]<\/p>\n<p>Innovation &gt; Projets<\/p>\n<h1><b>SleekShip<\/b><\/h1>\n<p>Partenaires : QCELL, TWI HELAS, M.Danchor, Danaos Shipping<b><\/b><\/p>\n<p>&nbsp;<\/p>\n<p>[\/et_pb_text][\/et_pb_column][et_pb_column type=&#8221;1_4&#8243; _builder_version=&#8221;4.16&#8243; custom_padding=&#8221;|||&#8221; custom_css_main_element=&#8221;display: flex; ||flex-direction: column; ||justify-content: center;&#8221; global_colors_info=&#8221;{}&#8221; custom_padding__hover=&#8221;|||&#8221;][\/et_pb_column][\/et_pb_row][\/et_pb_section][et_pb_section fb_built=&#8221;1&#8243; _builder_version=&#8221;4.16&#8243; custom_padding=&#8221;5px||0px|||&#8221; transparent_background=&#8221;off&#8221; global_colors_info=&#8221;{}&#8221;][et_pb_row _builder_version=&#8221;4.16&#8243; _module_preset=&#8221;default&#8221; global_colors_info=&#8221;{}&#8221;][et_pb_column type=&#8221;4_4&#8243; _builder_version=&#8221;4.16&#8243; _module_preset=&#8221;default&#8221; global_colors_info=&#8221;{}&#8221;][et_pb_image src=&#8221;https:\/\/www.subsea-tech.com\/wp-content\/uploads\/2022\/01\/SleekShip_logo_LG_72DPI_RGB_noslogan.png&#8221; title_text=&#8221;SleekShip Logo LG 72DPI RGB Noslogan&#8221; url=&#8221;https:\/\/www.sleekship.eu&#8221; align=&#8221;center&#8221; _builder_version=&#8221;4.16&#8243; _module_preset=&#8221;default&#8221; width=&#8221;30%&#8221; global_colors_info=&#8221;{}&#8221;][\/et_pb_image][et_pb_text _builder_version=&#8221;4.18.0&#8243; _module_preset=&#8221;default&#8221; hover_enabled=&#8221;0&#8243; global_colors_info=&#8221;{}&#8221; sticky_enabled=&#8221;0&#8243;]<\/p>\n<h2 style=\"text-align: center;\">UNE SOLUTION NOVATRICE D&#8217;INSPECTION ET DE NETTOYAGE DU BIOFOULING DES NAVIRES<\/h2>\n<p>[\/et_pb_text][\/et_pb_column][\/et_pb_row][et_pb_row _builder_version=&#8221;4.16&#8243; _module_preset=&#8221;default&#8221; custom_padding=&#8221;||78px|||&#8221; global_colors_info=&#8221;{}&#8221;][et_pb_column type=&#8221;4_4&#8243; _builder_version=&#8221;4.16&#8243; _module_preset=&#8221;default&#8221; global_colors_info=&#8221;{}&#8221;][et_pb_text _builder_version=&#8221;4.16&#8243; _module_preset=&#8221;default&#8221; text_font_size=&#8221;18px&#8221; global_colors_info=&#8221;{}&#8221;]L&#8217;accumulation de biofouling sur les coques modifie consid\u00e9rablement l&#8217;hydrodynamisme des navires, tout en augmentant la tra\u00een\u00e9e, la consommation de carburant et les \u00e9missions de CO2, et favorise le transport d&#8217;esp\u00e8ces invasives.<\/p>\n<p>La solution mise au point dans le cadre de Sleekship permettra de quantifier l&#8217;\u00e9tat de d\u00e9veloppement du biofouling tout en ciblant le nettoyage, en associant un <strong>robot sous-marin semi-autonome<\/strong>, un nouvel<strong> outil de nettoyage par cavitatio<\/strong>n et un <strong>syst\u00e8me d&#8217;imagerie hyperspectrale<\/strong>. Cette derni\u00e8re prend le relais de l&#8217;inspection vid\u00e9o, insuffisante pour r\u00e9aliser une \u00e9valuation pr\u00e9alable efficace en raison de la r\u00e9trodiffusion de la lumi\u00e8re caus\u00e9e par les particules en suspension dans l&#8217;eau des bassins.<\/p>\n<p>En permettant aux prestataires de services de d\u00e9tecter de mani\u00e8re fiable les premiers stades de bio-encrassement dans les ports contamin\u00e9s, SleekShip devrait g\u00e9n\u00e9rer des \u00e9conomies de plus de trois milliards d&#8217;euros sur cinq ans apr\u00e8s le lancement sur le march\u00e9 mondial de l&#8217;industrie maritime.[\/et_pb_text][\/et_pb_column][\/et_pb_row][\/et_pb_section][et_pb_section fb_built=&#8221;1&#8243; next_background_color=&#8221;#f9f9f9&#8243; _builder_version=&#8221;4.16&#8243; _module_preset=&#8221;default&#8221; background_color=&#8221;#006837&#8243; custom_padding=&#8221;0px||0px|||&#8221; top_divider_style=&#8221;slant2&#8243; top_divider_color=&#8221;#FFFFFF&#8221; top_divider_height=&#8221;15px&#8221; top_divider_repeat=&#8221;1x&#8221; bottom_divider_style=&#8221;slant2&#8243; bottom_divider_height=&#8221;24px&#8221; bottom_divider_repeat=&#8221;1x&#8221; global_colors_info=&#8221;{}&#8221;][et_pb_row column_structure=&#8221;1_3,1_3,1_3&#8243; _builder_version=&#8221;4.16&#8243; _module_preset=&#8221;default&#8221; global_colors_info=&#8221;{}&#8221;][et_pb_column type=&#8221;1_3&#8243; _builder_version=&#8221;4.16&#8243; _module_preset=&#8221;default&#8221; global_colors_info=&#8221;{}&#8221;][et_pb_text _builder_version=&#8221;4.18.0&#8243; _module_preset=&#8221;default&#8221; header_5_font=&#8221;|800|||||||&#8221; header_5_text_color=&#8221;#FFFFFF&#8221; header_5_font_size=&#8221;28px&#8221; link_option_url=&#8221;https:\/\/www.subsea-tech.com\/fr\/mini-tortuga\/&#8221; hover_enabled=&#8221;0&#8243; border_width_bottom=&#8221;1px&#8221; border_color_bottom=&#8221;#FFFFFF&#8221; global_colors_info=&#8221;{}&#8221; sticky_enabled=&#8221;0&#8243; header_2_text_color=&#8221;#FFFFFF&#8221; header_2_font=&#8221;|800|||||||&#8221; header_2_font_size=&#8221;22px&#8221;]<\/p>\n<h2 style=\"text-align: center;\">LE MINI TORTUGA<\/h2>\n<p>[\/et_pb_text][et_pb_image src=&#8221;https:\/\/www.subsea-tech.com\/wp-content\/uploads\/2022\/01\/Mini-TORTUGA-Detoure.png&#8221; title_text=&#8221;Mini TORTUGA D\u00e9tour\u00e9&#8221; url=&#8221;https:\/\/www.subsea-tech.com\/fr\/mini-tortuga\/&#8221; align=&#8221;center&#8221; _builder_version=&#8221;4.16&#8243; _module_preset=&#8221;default&#8221; max_height=&#8221;346px&#8221; global_colors_info=&#8221;{}&#8221;][\/et_pb_image][\/et_pb_column][et_pb_column type=&#8221;1_3&#8243; _builder_version=&#8221;4.16&#8243; _module_preset=&#8221;default&#8221; global_colors_info=&#8221;{}&#8221;][et_pb_text _builder_version=&#8221;4.18.0&#8243; _module_preset=&#8221;default&#8221; header_5_font=&#8221;|800|||||||&#8221; header_5_text_color=&#8221;#FFFFFF&#8221; header_5_font_size=&#8221;28px&#8221; hover_enabled=&#8221;0&#8243; border_width_bottom=&#8221;1px&#8221; border_color_bottom=&#8221;#FFFFFF&#8221; global_colors_info=&#8221;{}&#8221; header_2_font=&#8221;|800|||||||&#8221; header_2_text_color=&#8221;#FFFFFF&#8221; header_2_font_size=&#8221;22px&#8221; sticky_enabled=&#8221;0&#8243;]<\/p>\n<h2 style=\"text-align: center;\">CAM\u00c9RA HYPERSPECTRALE<\/h2>\n<p>[\/et_pb_text][et_pb_image src=&#8221;https:\/\/www.subsea-tech.com\/wp-content\/uploads\/2022\/01\/Camera-hyperspectrale.png&#8221; title_text=&#8221;Cam\u00e9ra Hyperspectrale&#8221; align=&#8221;center&#8221; _builder_version=&#8221;4.16&#8243; _module_preset=&#8221;default&#8221; global_colors_info=&#8221;{}&#8221;][\/et_pb_image][\/et_pb_column][et_pb_column type=&#8221;1_3&#8243; _builder_version=&#8221;4.16&#8243; _module_preset=&#8221;default&#8221; global_colors_info=&#8221;{}&#8221;][et_pb_text _builder_version=&#8221;4.18.0&#8243; _module_preset=&#8221;default&#8221; header_5_font=&#8221;|800|||||||&#8221; header_5_text_color=&#8221;#FFFFFF&#8221; header_5_font_size=&#8221;28px&#8221; hover_enabled=&#8221;0&#8243; border_width_bottom=&#8221;1px&#8221; border_color_bottom=&#8221;#FFFFFF&#8221; global_colors_info=&#8221;{}&#8221; header_2_text_color=&#8221;#FFFFFF&#8221; header_2_font_size=&#8221;22px&#8221; sticky_enabled=&#8221;0&#8243; header_2_font=&#8221;|800|||||||&#8221;]<\/p>\n<h2 style=\"text-align: center;\">OUTIL DE NETTOYAGE PAR CAVITATION<\/h2>\n<p>[\/et_pb_text][et_pb_image src=&#8221;https:\/\/www.subsea-tech.com\/wp-content\/uploads\/2022\/01\/ROTOR.jpg&#8221; title_text=&#8221;ROTOR&#8221; align=&#8221;center&#8221; _builder_version=&#8221;4.16&#8243; _module_preset=&#8221;default&#8221; max_height=&#8221;346px&#8221; global_colors_info=&#8221;{}&#8221;][\/et_pb_image][\/et_pb_column][\/et_pb_row][\/et_pb_section][et_pb_section fb_built=&#8221;1&#8243; _builder_version=&#8221;4.16&#8243; background_color=&#8221;#f9f9f9&#8243; custom_padding=&#8221;0px||0px|||&#8221; transparent_background=&#8221;off&#8221; global_colors_info=&#8221;{}&#8221;][et_pb_row column_structure=&#8221;1_4,1_4,1_4,1_4&#8243; _builder_version=&#8221;4.16&#8243; _module_preset=&#8221;default&#8221; global_colors_info=&#8221;{}&#8221;][et_pb_column type=&#8221;1_4&#8243; _builder_version=&#8221;4.16&#8243; _module_preset=&#8221;default&#8221; global_colors_info=&#8221;{}&#8221;][et_pb_image src=&#8221;https:\/\/www.subsea-tech.com\/wp-content\/uploads\/2022\/01\/innovative.png&#8221; title_text=&#8221;Innovative&#8221; align=&#8221;center&#8221; _builder_version=&#8221;4.16&#8243; _module_preset=&#8221;default&#8221; global_colors_info=&#8221;{}&#8221;][\/et_pb_image][et_pb_text _builder_version=&#8221;4.18.0&#8243; _module_preset=&#8221;default&#8221; text_font_size=&#8221;16px&#8221; header_6_text_color=&#8221;#0C71C3&#8243; header_6_font_size=&#8221;20px&#8221; hover_enabled=&#8221;0&#8243; global_colors_info=&#8221;{}&#8221; sticky_enabled=&#8221;0&#8243;]<\/p>\n<p style=\"text-align: center;\"><span style=\"color: #339966;\">INNOVANT<\/span><\/p>\n<p style=\"text-align: center;\">SleekShip combine imagerie hyperspectrale et nettoyage par cavitation.<\/p>\n<p>[\/et_pb_text][\/et_pb_column][et_pb_column type=&#8221;1_4&#8243; _builder_version=&#8221;4.16&#8243; _module_preset=&#8221;default&#8221; global_colors_info=&#8221;{}&#8221;][et_pb_image src=&#8221;https:\/\/www.subsea-tech.com\/wp-content\/uploads\/2022\/01\/cost.png&#8221; title_text=&#8221;Cost&#8221; align=&#8221;center&#8221; _builder_version=&#8221;4.16&#8243; _module_preset=&#8221;default&#8221; global_colors_info=&#8221;{}&#8221;][\/et_pb_image][et_pb_text _builder_version=&#8221;4.18.0&#8243; _module_preset=&#8221;default&#8221; text_font_size=&#8221;16px&#8221; header_6_text_color=&#8221;#0C71C3&#8243; header_6_font_size=&#8221;20px&#8221; hover_enabled=&#8221;0&#8243; global_colors_info=&#8221;{}&#8221; sticky_enabled=&#8221;0&#8243;]<\/p>\n<p style=\"text-align: center;\"><span style=\"color: #339966;\">\u00c9CONOMIQUE<\/span><\/p>\n<p style=\"text-align: center;\">SleekShip permet de r\u00e9duire les co\u00fbts de nettoyage par 2 par rapport aux m\u00e9thodes conventionnelles.<\/p>\n<p>[\/et_pb_text][\/et_pb_column][et_pb_column type=&#8221;1_4&#8243; _builder_version=&#8221;4.16&#8243; _module_preset=&#8221;default&#8221; global_colors_info=&#8221;{}&#8221;][et_pb_image src=&#8221;https:\/\/www.subsea-tech.com\/wp-content\/uploads\/2022\/01\/safe.png&#8221; title_text=&#8221;Safe&#8221; align=&#8221;center&#8221; _builder_version=&#8221;4.16&#8243; _module_preset=&#8221;default&#8221; global_colors_info=&#8221;{}&#8221;][\/et_pb_image][et_pb_text _builder_version=&#8221;4.18.0&#8243; _module_preset=&#8221;default&#8221; text_font_size=&#8221;16px&#8221; header_6_text_color=&#8221;#0C71C3&#8243; header_6_font_size=&#8221;20px&#8221; hover_enabled=&#8221;0&#8243; global_colors_info=&#8221;{}&#8221; sticky_enabled=&#8221;0&#8243;]<\/p>\n<p style=\"text-align: center;\"><span style=\"color: #339966;\">S\u00c9CURIT\u00c9 ET EFFICACIT\u00c9<\/span><\/p>\n<p style=\"text-align: center;\">En utilisant un robot semi-autonome, SleekShip r\u00e9duit consid\u00e9rablement les risques pour les op\u00e9rateurs tout en augmentant la dur\u00e9e de travail quotidien.<\/p>\n<p>[\/et_pb_text][\/et_pb_column][et_pb_column type=&#8221;1_4&#8243; _builder_version=&#8221;4.16&#8243; _module_preset=&#8221;default&#8221; global_colors_info=&#8221;{}&#8221;][et_pb_image src=&#8221;https:\/\/www.subsea-tech.com\/wp-content\/uploads\/2022\/01\/user.png&#8221; title_text=&#8221;Utilisateur&#8221; align=&#8221;center&#8221; _builder_version=&#8221;4.16&#8243; _module_preset=&#8221;default&#8221; global_colors_info=&#8221;{}&#8221;][\/et_pb_image][et_pb_text _builder_version=&#8221;4.18.0&#8243; _module_preset=&#8221;default&#8221; text_font_size=&#8221;16px&#8221; header_6_text_color=&#8221;#0C71C3&#8243; header_6_font_size=&#8221;20px&#8221; hover_enabled=&#8221;0&#8243; global_colors_info=&#8221;{}&#8221; sticky_enabled=&#8221;0&#8243;]<\/p>\n<h6 style=\"text-align: center;\"><span style=\"color: #339966;\">SIMPLE ET INTUITIF<\/span><\/h6>\n<p style=\"text-align: center;\">Facile \u00e0 prendre en main, la solution SleekShip a \u00e9t\u00e9 pens\u00e9e pour les op\u00e9rateurs dans un souci d&#8217;efficacit\u00e9 des missions.<\/p>\n<p>[\/et_pb_text][\/et_pb_column][\/et_pb_row][\/et_pb_section][et_pb_section fb_built=&#8221;1&#8243; _builder_version=&#8221;4.16&#8243; _module_preset=&#8221;default&#8221; custom_padding=&#8221;0px||0px|||&#8221; global_colors_info=&#8221;{}&#8221;][et_pb_row column_structure=&#8221;1_2,1_2&#8243; _builder_version=&#8221;4.16&#8243; _module_preset=&#8221;default&#8221; global_colors_info=&#8221;{}&#8221;][et_pb_column type=&#8221;1_2&#8243; _builder_version=&#8221;4.16&#8243; _module_preset=&#8221;default&#8221; global_colors_info=&#8221;{}&#8221;][et_pb_text _builder_version=&#8221;4.16&#8243; _module_preset=&#8221;default&#8221; text_font_size=&#8221;40px&#8221; custom_margin=&#8221;123px||123px||true|&#8221; text_font_size_tablet=&#8221;40px&#8221; text_font_size_phone=&#8221;30px&#8221; text_font_size_last_edited=&#8221;on|phone&#8221; global_colors_info=&#8221;{}&#8221;]<\/p>\n<p style=\"text-align: center;\"><a href=\"http:\/\/www.sleekship.eu\">WWW.SLEEKSHIP.EU<\/a><\/p>\n<p>[\/et_pb_text][\/et_pb_column][et_pb_column type=&#8221;1_2&#8243; _builder_version=&#8221;4.16&#8243; _module_preset=&#8221;default&#8221; global_colors_info=&#8221;{}&#8221;][et_pb_text _builder_version=&#8221;4.16&#8243; _module_preset=&#8221;default&#8221; custom_padding=&#8221;|130px||130px|false|false&#8221; custom_padding_tablet=&#8221;|100px||100px|false|false&#8221; custom_padding_phone=&#8221;|0px||0px|false|false&#8221; custom_padding_last_edited=&#8221;on|desktop&#8221; global_colors_info=&#8221;{}&#8221;]<\/p>\n<p style=\"text-align: left;\"><img loading=\"lazy\" decoding=\"async\" class=\"wp-image-13099 alignnone size-medium\" style=\"display: block; margin-left: auto; margin-right: auto;\" src=\"https:\/\/www.subsea-tech.com\/wp-content\/uploads\/2018\/06\/Logo-FEDER-319x250.jpg\" alt=\"\" width=\"204\" height=\"160\" srcset=\"https:\/\/www.subsea-tech.com\/wp-content\/uploads\/2018\/06\/Logo-FEDER-319x250.jpg 319w, https:\/\/www.subsea-tech.com\/wp-content\/uploads\/2018\/06\/Logo-FEDER.jpg 584w\" sizes=\"(max-width: 204px) 100vw, 204px\" \/><\/p>\n<p style=\"text-align: center;\">Ce projet a re\u00e7u un financement du programme de recherche et d&#8217;innovation Horizon 2020 de l&#8217;Union Europ\u00e9enne sous convention de subvention n\u00b0 950854.<\/p>\n<p>[\/et_pb_text][\/et_pb_column][\/et_pb_row][\/et_pb_section]<\/p>\n","protected":false},"excerpt":{"rendered":"<p>Innovation &gt; Projets SleekShip Partenaires : QCELL, TWI HELAS, M.Danchor, Danaos Shipping &nbsp;UNE SOLUTION NOVATRICE D&#8217;INSPECTION ET DE NETTOYAGE DU BIOFOULING DES NAVIRESL&#8217;accumulation de biofouling sur les coques modifie consid\u00e9rablement [&hellip;]<\/p>\n","protected":false},"author":1,"featured_media":0,"parent":0,"menu_order":0,"comment_status":"closed","ping_status":"closed","template":"","meta":{"_et_pb_use_builder":"on","_et_pb_old_content":"","_et_gb_content_width":"","footnotes":""},"class_list":["post-15842","page","type-page","status-publish","hentry"],"_links":{"self":[{"href":"https:\/\/www.subsea-tech.com\/fr\/wp-json\/wp\/v2\/pages\/15842","targetHints":{"allow":["GET"]}}],"collection":[{"href":"https:\/\/www.subsea-tech.com\/fr\/wp-json\/wp\/v2\/pages"}],"about":[{"href":"https:\/\/www.subsea-tech.com\/fr\/wp-json\/wp\/v2\/types\/page"}],"author":[{"embeddable":true,"href":"https:\/\/www.subsea-tech.com\/fr\/wp-json\/wp\/v2\/users\/1"}],"replies":[{"embeddable":true,"href":"https:\/\/www.subsea-tech.com\/fr\/wp-json\/wp\/v2\/comments?post=15842"}],"version-history":[{"count":0,"href":"https:\/\/www.subsea-tech.com\/fr\/wp-json\/wp\/v2\/pages\/15842\/revisions"}],"wp:attachment":[{"href":"https:\/\/www.subsea-tech.com\/fr\/wp-json\/wp\/v2\/media?parent=15842"}],"curies":[{"name":"wp","href":"https:\/\/api.w.org\/{rel}","templated":true}]}}