{"id":3256,"date":"2017-06-06T11:49:33","date_gmt":"2017-06-06T09:49:33","guid":{"rendered":"https:\/\/www.subsea-tech.com?page_id=3256"},"modified":"2022-10-07T12:08:11","modified_gmt":"2022-10-07T10:08:11","slug":"inspection-de-reservoirs","status":"publish","type":"page","link":"https:\/\/www.subsea-tech.com\/fr\/inspection-de-reservoirs\/","title":{"rendered":"Inspection et nettoyage de r\u00e9servoirs"},"content":{"rendered":"<p>[et_pb_section fb_built=&#8221;1&#8243; admin_label=&#8221;section&#8221; _builder_version=&#8221;4.16&#8243; background_image=&#8221;https:\/\/www.subsea-tech.com\/wp-content\/uploads\/2017\/06\/gasoline-tanks-2205258_1920.jpg&#8221; custom_padding=&#8221;240px||40px|&#8221; transparent_background=&#8221;off&#8221; global_colors_info=&#8221;{}&#8221;][et_pb_row admin_label=&#8221;row&#8221; _builder_version=&#8221;4.16&#8243; background_size=&#8221;initial&#8221; background_position=&#8221;top_left&#8221; background_repeat=&#8221;repeat&#8221; global_colors_info=&#8221;{}&#8221;][et_pb_column type=&#8221;4_4&#8243; _builder_version=&#8221;4.16&#8243; custom_padding=&#8221;|||&#8221; global_colors_info=&#8221;{}&#8221; custom_padding__hover=&#8221;|||&#8221;][et_pb_text admin_label=&#8221;Text&#8221; _builder_version=&#8221;4.18.0&#8243; background_size=&#8221;initial&#8221; background_position=&#8221;top_left&#8221; background_repeat=&#8221;repeat&#8221; hover_enabled=&#8221;0&#8243; use_border_color=&#8221;off&#8221; border_style=&#8221;solid&#8221; global_colors_info=&#8221;{}&#8221; text_font_size=&#8221;18px&#8221; sticky_enabled=&#8221;0&#8243;]<\/p>\n<p>Services &gt; Prestations<\/p>\n<h1><strong>Inspection et nettoyage de\u00a0r\u00e9servoirs<\/strong><\/h1>\n<p>[\/et_pb_text][\/et_pb_column][\/et_pb_row][\/et_pb_section][et_pb_section fb_built=&#8221;1&#8243; admin_label=&#8221;section&#8221; _builder_version=&#8221;4.16&#8243; background_color=&#8221;#f7f7f7&#8243; transparent_background=&#8221;off&#8221; global_colors_info=&#8221;{}&#8221;][et_pb_row column_structure=&#8221;1_3,2_3&#8243; make_equal=&#8221;on&#8221; admin_label=&#8221;row&#8221; _builder_version=&#8221;4.16&#8243; background_size=&#8221;initial&#8221; background_position=&#8221;top_left&#8221; background_repeat=&#8221;repeat&#8221; custom_padding=&#8221;14px|0px|0px|0px&#8221; global_colors_info=&#8221;{}&#8221;][et_pb_column type=&#8221;1_3&#8243; _builder_version=&#8221;4.16&#8243; custom_padding=&#8221;|||&#8221; custom_css_main_element=&#8221;display: flex; ||flex-direction: column; ||justify-content: center;&#8221; global_colors_info=&#8221;{}&#8221; custom_padding__hover=&#8221;|||&#8221;][et_pb_text admin_label=&#8221;Text&#8221; _builder_version=&#8221;4.18.0&#8243; background_size=&#8221;initial&#8221; background_position=&#8221;top_left&#8221; background_repeat=&#8221;repeat&#8221; hover_enabled=&#8221;0&#8243; use_border_color=&#8221;off&#8221; global_colors_info=&#8221;{}&#8221; sticky_enabled=&#8221;0&#8243;]<\/p>\n<p><i class=\"fa fa-check-square\"><\/i> Diagnostics structurels des r\u00e9servoirs<\/p>\n<p><i class=\"fa fa-check-square\"><\/i> Inspection des \u00e9l\u00e9ments constitutifs (plaque anti-vortex, canne d\u2019aspiration, cr\u00e9pines,..)<\/p>\n<p><i class=\"fa fa-check-square\"><\/i> Nettoyage de cuves (\u00e9vacuation des d\u00e9p\u00f4ts s\u00e9dimentaires sans vidange)<\/p>\n<p>[\/et_pb_text][\/et_pb_column][et_pb_column type=&#8221;2_3&#8243; _builder_version=&#8221;4.16&#8243; custom_padding=&#8221;|||&#8221; custom_css_main_element=&#8221;display: flex; ||flex-direction: column; ||justify-content: center;&#8221; global_colors_info=&#8221;{}&#8221; custom_padding__hover=&#8221;|||&#8221;][et_pb_gallery gallery_ids=&#8221;3271,3265,3267,3269&#8243; posts_number=&#8221;8&#8243; show_title_and_caption=&#8221;off&#8221; show_pagination=&#8221;off&#8221; admin_label=&#8221;Gallery&#8221; _builder_version=&#8221;4.16&#8243; pagination_font_size_tablet=&#8221;51&#8243; pagination_line_height_tablet=&#8221;2&#8243; custom_css_gallery_item=&#8221;margin:0px 10px !important;||width: 22% !important;||clear: none !important;&#8221; use_border_color=&#8221;off&#8221; global_colors_info=&#8221;{}&#8221;][\/et_pb_gallery][\/et_pb_column][\/et_pb_row][\/et_pb_section][et_pb_section fb_built=&#8221;1&#8243; admin_label=&#8221;section&#8221; _builder_version=&#8221;4.16&#8243; custom_padding=&#8221;26px|0px|27px|0px&#8221; transparent_background=&#8221;off&#8221; global_colors_info=&#8221;{}&#8221;][et_pb_row admin_label=&#8221;row&#8221; _builder_version=&#8221;4.16&#8243; background_size=&#8221;initial&#8221; background_position=&#8221;top_left&#8221; background_repeat=&#8221;repeat&#8221; custom_padding=&#8221;27px|0px|27px|0px&#8221; global_colors_info=&#8221;{}&#8221;][et_pb_column type=&#8221;4_4&#8243; _builder_version=&#8221;4.16&#8243; custom_padding=&#8221; | || &#8221; global_colors_info=&#8221;{}&#8221; custom_padding__hover=&#8221;|||&#8221;][et_pb_text admin_label=&#8221;Text&#8221; _builder_version=&#8221;4.18.0&#8243; background_size=&#8221;initial&#8221; background_position=&#8221;top_left&#8221; background_repeat=&#8221;repeat&#8221; width=&#8221;97%&#8221; hover_enabled=&#8221;0&#8243; use_border_color=&#8221;off&#8221; border_style=&#8221;solid&#8221; global_colors_info=&#8221;{}&#8221; sticky_enabled=&#8221;0&#8243;]<\/p>\n<h2>Inspection et nettoyage de 3 r\u00e9servoirs incendie en Italie<\/h2>\n<pre><em>Gruppo Hera - Modena, Italie - 2021<\/em><\/pre>\n<p>Subsea Tech est intervenu en avril 2021 pour le compte du Groupe Hera, l&#8217;un des principaux op\u00e9rateurs du secteur de l&#8217;eau potable en Italie, afin de proc\u00e9der \u00e0 l&#8217;inspection subaquatique par <strong>mini-ROV<\/strong> et au nettoyage par <strong>AspiROV<\/strong> de 3 r\u00e9servoirs de stockage d&#8217;eau potable sur les sites de Cannizzaro, de Bubano et d&#8217;Imola dans la r\u00e9gion de Mod\u00e8ne. La mission a \u00e9t\u00e9 men\u00e9e conjointement avec notre distributeur italien <a href=\"http:\/\/www.geovision.it\/\">Geovision<\/a>.<\/p>\n<p>[\/et_pb_text][\/et_pb_column][\/et_pb_row][et_pb_row _builder_version=&#8221;4.16&#8243; _module_preset=&#8221;default&#8221; global_colors_info=&#8221;{}&#8221;][et_pb_column type=&#8221;4_4&#8243; _builder_version=&#8221;4.16&#8243; _module_preset=&#8221;default&#8221; global_colors_info=&#8221;{}&#8221;][et_pb_gallery gallery_ids=&#8221;11499,11501,11495,11497&#8243; show_title_and_caption=&#8221;off&#8221; _builder_version=&#8221;4.16&#8243; _module_preset=&#8221;default&#8221; global_colors_info=&#8221;{}&#8221;][\/et_pb_gallery][\/et_pb_column][\/et_pb_row][et_pb_row admin_label=&#8221;row&#8221; _builder_version=&#8221;4.16&#8243; background_size=&#8221;initial&#8221; background_position=&#8221;top_left&#8221; background_repeat=&#8221;repeat&#8221; custom_padding=&#8221;27px|0px|27px|0px&#8221; global_colors_info=&#8221;{}&#8221;][et_pb_column type=&#8221;4_4&#8243; _builder_version=&#8221;4.16&#8243; custom_padding=&#8221; | || &#8221; global_colors_info=&#8221;{}&#8221; custom_padding__hover=&#8221;|||&#8221;][et_pb_text admin_label=&#8221;Text&#8221; _builder_version=&#8221;4.18.0&#8243; background_size=&#8221;initial&#8221; background_position=&#8221;top_left&#8221; background_repeat=&#8221;repeat&#8221; width=&#8221;97%&#8221; custom_padding=&#8221;||0px|||&#8221; hover_enabled=&#8221;0&#8243; use_border_color=&#8221;off&#8221; border_style=&#8221;solid&#8221; global_colors_info=&#8221;{}&#8221; sticky_enabled=&#8221;0&#8243;]<\/p>\n<h2>Nettoyage et mesures d\u2019\u00e9paisseur du r\u00e9servoir incendie de la centrale d\u2019Arrighi<\/h2>\n<pre><em>EDF - Vitry-sur-Seine (94) - 2020<\/em><\/pre>\n<p>EDF a confi\u00e9 \u00e0 Subsea Tech une mission d&#8217;inspection et de nettoyage sur un r\u00e9servoir d&#8217;eau incendie de 630 m3 situ\u00e9 sur le site de la centrale thermique d&#8217;Arrighi dans la r\u00e9gion parisienne. Les objectifs \u00e9taient les suivants :<br \/>\u2022 R\u00e9aliser un nettoyage du d\u00e9p\u00f4t de s\u00e9diments en fond de r\u00e9servoir ;<br \/>\u2022 Effectuer des mesures d\u2019\u00e9paisseur sur les parois internes du r\u00e9servoir ;<br \/>\u2022 R\u00e9aliser des prises de vues des diff\u00e9rents \u00e9l\u00e9ments constitutifs du r\u00e9servoir.<\/p>\n<p>Subsea Tech a utilis\u00e9 son mini-ROV Guardian pour les inspections en pleine eau et pour d\u00e9ployer une sonde \u00e0 ultrasons Cygnus pour les mesure d&#8217;\u00e9paisseur. Le syst\u00e8me AspiROV a quant \u00e0 lui \u00e9t\u00e9 mis en oeuvre pour pomper les s\u00e9diments et les d\u00e9bris sur le fond du r\u00e9servoir. Au total, 44 mesures d&#8217;\u00e9paisseur ont \u00e9t\u00e9 r\u00e9alis\u00e9es sur les parois et sur le radier du r\u00e9servoir. Subsea Tech a adapt\u00e9 le support de fixation de la sonde afin de pouvoir effectuer les mesures sur des plans horizontaux et verticaux.<\/p>\n<p>[\/et_pb_text][\/et_pb_column][\/et_pb_row][et_pb_row _builder_version=&#8221;4.16&#8243; _module_preset=&#8221;default&#8221; global_colors_info=&#8221;{}&#8221;][et_pb_column type=&#8221;4_4&#8243; _builder_version=&#8221;4.16&#8243; _module_preset=&#8221;default&#8221; global_colors_info=&#8221;{}&#8221;][et_pb_gallery gallery_ids=&#8221;13741,11507,11505,11503&#8243; show_title_and_caption=&#8221;off&#8221; _builder_version=&#8221;4.16&#8243; _module_preset=&#8221;default&#8221; global_colors_info=&#8221;{}&#8221;][\/et_pb_gallery][\/et_pb_column][\/et_pb_row][et_pb_row admin_label=&#8221;row&#8221; _builder_version=&#8221;4.16&#8243; background_size=&#8221;initial&#8221; background_position=&#8221;top_left&#8221; background_repeat=&#8221;repeat&#8221; custom_padding=&#8221;27px|0px|27px|0px&#8221; global_colors_info=&#8221;{}&#8221;][et_pb_column type=&#8221;4_4&#8243; _builder_version=&#8221;4.16&#8243; custom_padding=&#8221; | || &#8221; global_colors_info=&#8221;{}&#8221; custom_padding__hover=&#8221;|||&#8221;][et_pb_text admin_label=&#8221;Text&#8221; _builder_version=&#8221;4.18.0&#8243; background_size=&#8221;initial&#8221; background_position=&#8221;top_left&#8221; background_repeat=&#8221;repeat&#8221; hover_enabled=&#8221;0&#8243; use_border_color=&#8221;off&#8221; border_style=&#8221;solid&#8221; global_colors_info=&#8221;{}&#8221; sticky_enabled=&#8221;0&#8243;]<\/p>\n<h2>Inspection et nettoyage des r\u00e9servoirs incendie du site d\u2019Airbus<\/h2>\n<pre><em>APRO Industries - Blagnac (31) - 2015<\/em><\/pre>\n<p>En compl\u00e9ment de ses Mini-ROVs d\u2019inspection, Subsea Tech a d\u00e9velopp\u00e9 un syst\u00e8me de nettoyage de r\u00e9servoirs automatis\u00e9 permettant l\u2019\u00e9vacuation de d\u00e9p\u00f4ts s\u00e9dimentaires sans vidange et sans l\u2019intervention de plongeurs. Gr\u00e2ce \u00e0 leur petit gabarit, les ROVs sont capables de s\u2019introduire dans les plus petits espaces et de r\u00e9aliser des vid\u00e9os hautes r\u00e9solutions en temps r\u00e9el. Les deux r\u00e9servoirs inspect\u00e9s du site Airbus de Blagnac ont pu ainsi \u00eatre nettoy\u00e9s en un temps record.<\/p>\n<p>[\/et_pb_text][\/et_pb_column][\/et_pb_row][et_pb_row _builder_version=&#8221;4.16&#8243; _module_preset=&#8221;default&#8221; global_colors_info=&#8221;{}&#8221;][et_pb_column type=&#8221;4_4&#8243; _builder_version=&#8221;4.16&#8243; _module_preset=&#8221;default&#8221; global_colors_info=&#8221;{}&#8221;][et_pb_gallery gallery_ids=&#8221;11519,13743,11515,11517&#8243; show_title_and_caption=&#8221;off&#8221; _builder_version=&#8221;4.16&#8243; _module_preset=&#8221;default&#8221; global_colors_info=&#8221;{}&#8221;][\/et_pb_gallery][\/et_pb_column][\/et_pb_row][et_pb_row admin_label=&#8221;row&#8221; _builder_version=&#8221;4.16&#8243; background_size=&#8221;initial&#8221; background_position=&#8221;top_left&#8221; background_repeat=&#8221;repeat&#8221; custom_padding=&#8221;27px|0px|27px|0px&#8221; global_colors_info=&#8221;{}&#8221;][et_pb_column type=&#8221;4_4&#8243; _builder_version=&#8221;4.16&#8243; custom_padding=&#8221; | || &#8221; global_colors_info=&#8221;{}&#8221; custom_padding__hover=&#8221;|||&#8221;][et_pb_text admin_label=&#8221;Text&#8221; _builder_version=&#8221;4.18.0&#8243; background_size=&#8221;initial&#8221; background_position=&#8221;top_left&#8221; background_repeat=&#8221;repeat&#8221; hover_enabled=&#8221;0&#8243; use_border_color=&#8221;off&#8221; border_style=&#8221;solid&#8221; global_colors_info=&#8221;{}&#8221; sticky_enabled=&#8221;0&#8243;]<\/p>\n<h2>Quelques r\u00e9f\u00e9rences<\/h2>\n<ul>\n<li><strong>Ville de St-Cannat &#8211; St-Cannat (13)<\/strong> : Inspection du r\u00e9servoir d\u2019eau potable du Clos du Roy<\/li>\n<li><strong>Apro Industrie &#8211; Pitgam (59)<\/strong> : Inspection &amp; Nettoyage du r\u00e9servoir incendie du chantier GRT Gaz Pitgam<\/li>\n<li><strong>INEO D\u00e9fense &#8211; Rosnay (36) : <\/strong>Inspection des cuves du CTM Rosnay <strong><br \/><\/strong><\/li>\n<li><strong>O&#8217;CAN &#8211; Cheylas (38) :<\/strong> Inspection de la r\u00e9serve incendie de l\u2019usine du Cheylas <strong><br \/><\/strong><\/li>\n<\/ul>\n<p><strong><\/strong><\/p>\n<p>[\/et_pb_text][\/et_pb_column][\/et_pb_row][\/et_pb_section]<\/p>\n","protected":false},"excerpt":{"rendered":"<p>Services &gt; Prestations Inspection et nettoyage de\u00a0r\u00e9servoirs Diagnostics structurels des r\u00e9servoirs Inspection des \u00e9l\u00e9ments constitutifs (plaque anti-vortex, canne d\u2019aspiration, cr\u00e9pines,..) Nettoyage de cuves (\u00e9vacuation des d\u00e9p\u00f4ts s\u00e9dimentaires sans vidange)Inspection et [&hellip;]<\/p>\n","protected":false},"author":1,"featured_media":6701,"parent":0,"menu_order":0,"comment_status":"closed","ping_status":"closed","template":"","meta":{"_et_pb_use_builder":"on","_et_pb_old_content":"","_et_gb_content_width":"","footnotes":""},"class_list":["post-3256","page","type-page","status-publish","has-post-thumbnail","hentry"],"_links":{"self":[{"href":"https:\/\/www.subsea-tech.com\/fr\/wp-json\/wp\/v2\/pages\/3256","targetHints":{"allow":["GET"]}}],"collection":[{"href":"https:\/\/www.subsea-tech.com\/fr\/wp-json\/wp\/v2\/pages"}],"about":[{"href":"https:\/\/www.subsea-tech.com\/fr\/wp-json\/wp\/v2\/types\/page"}],"author":[{"embeddable":true,"href":"https:\/\/www.subsea-tech.com\/fr\/wp-json\/wp\/v2\/users\/1"}],"replies":[{"embeddable":true,"href":"https:\/\/www.subsea-tech.com\/fr\/wp-json\/wp\/v2\/comments?post=3256"}],"version-history":[{"count":0,"href":"https:\/\/www.subsea-tech.com\/fr\/wp-json\/wp\/v2\/pages\/3256\/revisions"}],"wp:featuredmedia":[{"embeddable":true,"href":"https:\/\/www.subsea-tech.com\/fr\/wp-json\/wp\/v2\/media\/6701"}],"wp:attachment":[{"href":"https:\/\/www.subsea-tech.com\/fr\/wp-json\/wp\/v2\/media?parent=3256"}],"curies":[{"name":"wp","href":"https:\/\/api.w.org\/{rel}","templated":true}]}}