{"id":3296,"date":"2017-06-06T14:27:37","date_gmt":"2017-06-06T12:27:37","guid":{"rendered":"https:\/\/www.subsea-tech.com?page_id=3296"},"modified":"2022-10-11T15:09:49","modified_gmt":"2022-10-11T13:09:49","slug":"inspection-douvrages-dart","status":"publish","type":"page","link":"https:\/\/www.subsea-tech.com\/fr\/inspection-douvrages-dart\/","title":{"rendered":"Offshore O&#038;G"},"content":{"rendered":"<p>[et_pb_section fb_built=&#8221;1&#8243; admin_label=&#8221;section&#8221; _builder_version=&#8221;4.16&#8243; background_image=&#8221;https:\/\/www.subsea-tech.com\/wp-content\/uploads\/2021\/05\/Plateforme-1.jpg&#8221; custom_padding=&#8221;240px||40px|&#8221; transparent_background=&#8221;off&#8221; global_colors_info=&#8221;{}&#8221;][et_pb_row admin_label=&#8221;row&#8221; _builder_version=&#8221;4.16&#8243; background_size=&#8221;initial&#8221; background_position=&#8221;top_left&#8221; background_repeat=&#8221;repeat&#8221; global_colors_info=&#8221;{}&#8221;][et_pb_column type=&#8221;4_4&#8243; _builder_version=&#8221;4.16&#8243; custom_padding=&#8221;|||&#8221; global_colors_info=&#8221;{}&#8221; custom_padding__hover=&#8221;|||&#8221;][et_pb_text admin_label=&#8221;Text&#8221; _builder_version=&#8221;4.18.0&#8243; background_size=&#8221;initial&#8221; background_position=&#8221;top_left&#8221; background_repeat=&#8221;repeat&#8221; background_layout=&#8221;dark&#8221; hover_enabled=&#8221;0&#8243; use_border_color=&#8221;off&#8221; border_style=&#8221;solid&#8221; global_colors_info=&#8221;{}&#8221; text_font_size=&#8221;18px&#8221; sticky_enabled=&#8221;0&#8243;]<\/p>\n<p>Services &gt; Prestations<\/p>\n<h1><strong>Offshore O&amp;G<br \/><\/strong><\/h1>\n<p>[\/et_pb_text][\/et_pb_column][\/et_pb_row][\/et_pb_section][et_pb_section fb_built=&#8221;1&#8243; admin_label=&#8221;section&#8221; _builder_version=&#8221;4.16&#8243; background_color=&#8221;#f7f7f7&#8243; transparent_background=&#8221;off&#8221; global_colors_info=&#8221;{}&#8221;][et_pb_row column_structure=&#8221;1_3,2_3&#8243; make_equal=&#8221;on&#8221; admin_label=&#8221;row&#8221; _builder_version=&#8221;4.16&#8243; background_size=&#8221;initial&#8221; background_position=&#8221;top_left&#8221; background_repeat=&#8221;repeat&#8221; custom_padding=&#8221;0px|0px|0px|0px&#8221; global_colors_info=&#8221;{}&#8221;][et_pb_column type=&#8221;1_3&#8243; _builder_version=&#8221;4.16&#8243; custom_padding=&#8221;|||&#8221; custom_css_main_element=&#8221;display: flex; ||flex-direction: column; ||justify-content: center;&#8221; global_colors_info=&#8221;{}&#8221; custom_padding__hover=&#8221;|||&#8221;][et_pb_text admin_label=&#8221;Text&#8221; _builder_version=&#8221;4.18.0&#8243; background_size=&#8221;initial&#8221; background_position=&#8221;top_left&#8221; background_repeat=&#8221;repeat&#8221; hover_enabled=&#8221;0&#8243; use_border_color=&#8221;off&#8221; global_colors_info=&#8221;{}&#8221; sticky_enabled=&#8221;0&#8243;]<\/p>\n<p><i class=\"fa fa-check-square\" aria-hidden=\"true\"><\/i> Inspections visuelles et acoustiques<\/p>\n<p><i class=\"fa fa-check-square\" aria-hidden=\"true\"><\/i> Mod\u00e9lisations 3D, photogramm\u00e9trie sous-marine<\/p>\n<p><i class=\"fa fa-check-square\" aria-hidden=\"true\"><\/i> Nettoyage de structures sous-marines par ROV<\/p>\n<p>[\/et_pb_text][\/et_pb_column][et_pb_column type=&#8221;2_3&#8243; _builder_version=&#8221;4.16&#8243; custom_padding=&#8221;|||&#8221; custom_css_main_element=&#8221;display: flex; ||flex-direction: column; ||justify-content: center;&#8221; global_colors_info=&#8221;{}&#8221; custom_padding__hover=&#8221;|||&#8221;][et_pb_gallery gallery_ids=&#8221;10945,11583,11584,5313&#8243; posts_number=&#8221;8&#8243; show_title_and_caption=&#8221;off&#8221; show_pagination=&#8221;off&#8221; admin_label=&#8221;Gallery&#8221; _builder_version=&#8221;4.16&#8243; custom_css_gallery_item=&#8221;margin:0px 10px !important;||width: 22% !important;||clear: none !important;||&#8221; use_border_color=&#8221;off&#8221; border_color=&#8221;#ffffff&#8221; border_width=&#8221;1px&#8221; border_style=&#8221;solid&#8221; global_colors_info=&#8221;{}&#8221;][\/et_pb_gallery][\/et_pb_column][\/et_pb_row][\/et_pb_section][et_pb_section fb_built=&#8221;1&#8243; admin_label=&#8221;section&#8221; _builder_version=&#8221;4.16&#8243; custom_padding=&#8221;26px|0px|27px|0px&#8221; transparent_background=&#8221;off&#8221; global_colors_info=&#8221;{}&#8221;][et_pb_row admin_label=&#8221;row&#8221; _builder_version=&#8221;4.16&#8243; background_size=&#8221;initial&#8221; background_position=&#8221;top_left&#8221; background_repeat=&#8221;repeat&#8221; custom_padding=&#8221;27px|0px|27px|0px&#8221; global_colors_info=&#8221;{}&#8221;][et_pb_column type=&#8221;4_4&#8243; _builder_version=&#8221;4.16&#8243; custom_padding=&#8221; | || &#8221; global_colors_info=&#8221;{}&#8221; custom_padding__hover=&#8221;|||&#8221;][et_pb_text admin_label=&#8221;Text&#8221; _builder_version=&#8221;4.18.0&#8243; background_size=&#8221;initial&#8221; background_position=&#8221;top_left&#8221; background_repeat=&#8221;repeat&#8221; hover_enabled=&#8221;0&#8243; use_border_color=&#8221;off&#8221; border_style=&#8221;solid&#8221; global_colors_info=&#8221;{}&#8221; sticky_enabled=&#8221;0&#8243;]<\/p>\n<h2>Recherche et r\u00e9cup\u00e9ration d&#8217;engins sous-marins autonomes<\/h2>\n<pre><em>Seabed Geosolutions - S\u00e8te (34) - 2020<br \/><\/em><\/pre>\n<p>Subsea Tech est intervenu \u00e0 la demande de Seabed Geosolutions, soci\u00e9t\u00e9 sp\u00e9cialis\u00e9e dans les technologies d&#8217;exploration par sismique pour le secteur offshore O&amp;G, afin de tester une solution de r\u00e9cup\u00e9ration de petits AUV (Autonomous Underwater Vehicle) par environ 40m de fond. Pour cette op\u00e9ration, Le ROV Tortuga a \u00e9t\u00e9 \u00e9quip\u00e9 d&#8217;un crochet install\u00e9 sous le chassis du ROV, lequel permettait d&#8217;accrocher les AUV. La remont\u00e9e \u00e9tait quant \u00e0 elle effectu\u00e9e en tirant sur l&#8217;ombilical du ROV en raison du poids des AUV exc\u00e9dant la capacit\u00e9 de charge utile du ROV.<\/p>\n<p>[\/et_pb_text][\/et_pb_column][\/et_pb_row][et_pb_row _builder_version=&#8221;4.16&#8243; _module_preset=&#8221;default&#8221; global_colors_info=&#8221;{}&#8221;][et_pb_column type=&#8221;4_4&#8243; _builder_version=&#8221;4.16&#8243; _module_preset=&#8221;default&#8221; global_colors_info=&#8221;{}&#8221;][et_pb_gallery gallery_ids=&#8221;11594,13760,13758,13756&#8243; show_title_and_caption=&#8221;off&#8221; _builder_version=&#8221;4.16&#8243; _module_preset=&#8221;default&#8221; global_colors_info=&#8221;{}&#8221;][\/et_pb_gallery][\/et_pb_column][\/et_pb_row][et_pb_row admin_label=&#8221;row&#8221; _builder_version=&#8221;4.16&#8243; background_size=&#8221;initial&#8221; background_position=&#8221;top_left&#8221; background_repeat=&#8221;repeat&#8221; custom_padding=&#8221;27px|0px|27px|0px&#8221; global_colors_info=&#8221;{}&#8221;][et_pb_column type=&#8221;4_4&#8243; _builder_version=&#8221;4.16&#8243; custom_padding=&#8221; | || &#8221; global_colors_info=&#8221;{}&#8221; custom_padding__hover=&#8221;|||&#8221;][et_pb_text admin_label=&#8221;Text&#8221; _builder_version=&#8221;4.18.0&#8243; background_size=&#8221;initial&#8221; background_position=&#8221;top_left&#8221; background_repeat=&#8221;repeat&#8221; hover_enabled=&#8221;0&#8243; use_border_color=&#8221;off&#8221; border_style=&#8221;solid&#8221; global_colors_info=&#8221;{}&#8221; sticky_enabled=&#8221;0&#8243;]<\/p>\n<h2>Inspection de chaines d&#8217;ancrage au large d&#8217;Abidjan<\/h2>\n<pre><em>SERAMAR - Abidjan, C\u00f4te d'Ivoire - 2018<br \/><\/em><\/pre>\n<p>La soci\u00e9t\u00e9 ivoirienne de travaux sous-marins SERAMAR a confi\u00e9 \u00e0 Subsea Tech l&#8217;inspection visuelle par mini-ROV de 6 cha\u00eenes d\u2019ancrage de la bou\u00e9e IMODCO de la SIR (Soci\u00e9t\u00e9 Ivorienne de Raffinage), situ\u00e9e au large des c\u00f4tes d\u2019Abidjan. La mission consistait \u00e9galement \u00e0 d\u00e9terminer la position GPS exacte des ancres pour chacune des chaines. L&#8217;op\u00e9ration a \u00e9t\u00e9 men\u00e9e avec un mini-ROV Guardian \u00e9quip\u00e9 d&#8217;un syst\u00e8me de positionnement acoustique USBL SeaTrac (Blueprint Subsea), ce dernier servant \u00e0 relever les coordonn\u00e9es g\u00e9ographiques des ancres.<\/p>\n<p>[\/et_pb_text][\/et_pb_column][\/et_pb_row][et_pb_row _builder_version=&#8221;4.16&#8243; _module_preset=&#8221;default&#8221; global_colors_info=&#8221;{}&#8221;][et_pb_column type=&#8221;4_4&#8243; _builder_version=&#8221;4.16&#8243; _module_preset=&#8221;default&#8221; global_colors_info=&#8221;{}&#8221;][et_pb_gallery gallery_ids=&#8221;13754,11604,11602,11606&#8243; show_title_and_caption=&#8221;off&#8221; _builder_version=&#8221;4.16&#8243; _module_preset=&#8221;default&#8221; global_colors_info=&#8221;{}&#8221;][\/et_pb_gallery][\/et_pb_column][\/et_pb_row][et_pb_row admin_label=&#8221;row&#8221; _builder_version=&#8221;4.16&#8243; background_size=&#8221;initial&#8221; background_position=&#8221;top_left&#8221; background_repeat=&#8221;repeat&#8221; custom_padding=&#8221;27px|0px|27px|0px&#8221; global_colors_info=&#8221;{}&#8221;][et_pb_column type=&#8221;4_4&#8243; _builder_version=&#8221;4.16&#8243; custom_padding=&#8221; | || &#8221; global_colors_info=&#8221;{}&#8221; custom_padding__hover=&#8221;|||&#8221;][et_pb_text admin_label=&#8221;Text&#8221; _builder_version=&#8221;4.18.0&#8243; background_size=&#8221;initial&#8221; background_position=&#8221;top_left&#8221; background_repeat=&#8221;repeat&#8221; hover_enabled=&#8221;0&#8243; use_border_color=&#8221;off&#8221; border_style=&#8221;solid&#8221; global_colors_info=&#8221;{}&#8221; sticky_enabled=&#8221;0&#8243;]<\/p>\n<h2>Quelques r\u00e9f\u00e9rences<\/h2>\n<ul>\n<li><strong>TECHNIP &#8211; Tarragone, Espagne<\/strong> : Inspections subaquatiques sur la plateforme Casablanca au large des c\u00f4tes espagnoles dans le Golfe de Valence<\/li>\n<li><strong>SAIPEM &#8211; Angola<\/strong> : Inspection de coque et de risers sur le FPSO Kizomba-B<\/li>\n<\/ul>\n<p>[\/et_pb_text][\/et_pb_column][\/et_pb_row][\/et_pb_section]<\/p>\n","protected":false},"excerpt":{"rendered":"<p>Services &gt; Prestations Offshore O&amp;G Inspections visuelles et acoustiques Mod\u00e9lisations 3D, photogramm\u00e9trie sous-marine Nettoyage de structures sous-marines par ROVRecherche et r\u00e9cup\u00e9ration d&#8217;engins sous-marins autonomes Seabed Geosolutions &#8211; S\u00e8te (34) &#8211; [&hellip;]<\/p>\n","protected":false},"author":1,"featured_media":0,"parent":0,"menu_order":0,"comment_status":"closed","ping_status":"closed","template":"","meta":{"_et_pb_use_builder":"on","_et_pb_old_content":"<p>[et_pb_section fb_built=\"1\" admin_label=\"section\" _builder_version=\"3.22\" background_image=\"https:\/\/www.subsea-tech.com\/wp-content\/uploads\/2017\/06\/Image1-2.jpg\" custom_padding=\"240px||40px|\" transparent_background=\"off\"][et_pb_row admin_label=\"row\" _builder_version=\"3.25\" background_size=\"initial\" background_position=\"top_left\" background_repeat=\"repeat\"][et_pb_column type=\"4_4\" _builder_version=\"3.25\" custom_padding=\"|||\" custom_padding__hover=\"|||\"][et_pb_text admin_label=\"Text\" _builder_version=\"3.27.4\" background_size=\"initial\" background_position=\"top_left\" background_repeat=\"repeat\" background_layout=\"dark\" use_border_color=\"off\" border_style=\"solid\"]<\/p><h4>Services > Prestations<\/h4><h1><strong>Offshore O&G<br \/><\/strong><\/h1><p>[\/et_pb_text][\/et_pb_column][\/et_pb_row][\/et_pb_section][et_pb_section fb_built=\"1\" admin_label=\"section\" _builder_version=\"3.22\" background_color=\"#f7f7f7\" transparent_background=\"off\"][et_pb_row column_structure=\"1_3,2_3\" make_equal=\"on\" admin_label=\"row\" _builder_version=\"3.25\" background_size=\"initial\" background_position=\"top_left\" background_repeat=\"repeat\" custom_padding=\"0px|0px|0px|0px\"][et_pb_column type=\"1_3\" _builder_version=\"3.25\" custom_padding=\"|||\" custom_css_main_element=\"display: flex; ||flex-direction: column; ||justify-content: center;\" custom_padding__hover=\"|||\"][et_pb_text admin_label=\"Text\" _builder_version=\"4.9.4\" background_size=\"initial\" background_position=\"top_left\" background_repeat=\"repeat\" hover_enabled=\"0\" use_border_color=\"off\" sticky_enabled=\"0\"]<\/p><h5><i class=\"fa fa-check-square\" aria-hidden=\"true\"><\/i> Inspections visuelles et acoustiques<\/h5><h5><i class=\"fa fa-check-square\" aria-hidden=\"true\"><\/i> Mod\u00e9lisations 3D, photogramm\u00e9trie sous-marine<\/h5><h5><i class=\"fa fa-check-square\" aria-hidden=\"true\"><\/i> Nettoyage de structures sous-marines par ROV<\/h5><p>[\/et_pb_text][\/et_pb_column][et_pb_column type=\"2_3\" _builder_version=\"3.25\" custom_padding=\"|||\" custom_css_main_element=\"display: flex; ||flex-direction: column; ||justify-content: center;\" custom_padding__hover=\"|||\"][et_pb_gallery gallery_ids=\"10945,11583,11584,5313\" posts_number=\"8\" show_title_and_caption=\"off\" show_pagination=\"off\" admin_label=\"Gallery\" _builder_version=\"4.9.4\" hover_enabled=\"0\" custom_css_gallery_item=\"margin:0px 10px !important;||width: 22% !important;||clear: none !important;||\" use_border_color=\"off\" border_color=\"#ffffff\" border_width=\"1px\" border_style=\"solid\" sticky_enabled=\"0\"][\/et_pb_gallery][\/et_pb_column][\/et_pb_row][\/et_pb_section][et_pb_section fb_built=\"1\" admin_label=\"section\" _builder_version=\"3.22\" custom_padding=\"26px|0px|27px|0px\" transparent_background=\"off\"][et_pb_row admin_label=\"row\" _builder_version=\"3.25\" background_size=\"initial\" background_position=\"top_left\" background_repeat=\"repeat\" custom_padding=\"27px|0px|27px|0px\"][et_pb_column type=\"4_4\" _builder_version=\"3.25\" custom_padding=\" | || \" custom_padding__hover=\"|||\"][et_pb_text admin_label=\"Text\" _builder_version=\"3.27.4\" background_size=\"initial\" background_position=\"top_left\" background_repeat=\"repeat\" use_border_color=\"off\" border_style=\"solid\"]<\/p><h1>Recherche et r\u00e9cup\u00e9ration d'engins sous-marins autonomes<\/h1><h5><em>Seabed Geosolutions - S\u00e8te (34) - 2020<br \/><\/em><\/h5><p>Subsea Tech est intervenu \u00e0 la demande de Seabed Geosolutions, soci\u00e9t\u00e9 sp\u00e9cialis\u00e9e dans les technologies d'exploration par sismique pour le secteur offshore O&G, afin de tester une solution de r\u00e9cup\u00e9ration de petits AUV (Autonomous Underwater Vehicle) par environ 40m de fond. Pour cette op\u00e9ration, Le ROV Tortuga a \u00e9t\u00e9 \u00e9quip\u00e9 d'un crochet install\u00e9 sous le chassis du ROV, lequel permettait d'accrocher les AUV. La remont\u00e9e \u00e9tait quant \u00e0 elle effectu\u00e9e en tirant sur l'ombilical du ROV en raison du poids des AUV exc\u00e9dant la capacit\u00e9 de charge utile du ROV.<\/p><p>[\/et_pb_text][\/et_pb_column][\/et_pb_row][et_pb_row _builder_version=\"4.9.4\" _module_preset=\"default\"][et_pb_column _builder_version=\"4.9.4\" _module_preset=\"default\" type=\"4_4\"][et_pb_gallery _builder_version=\"4.9.4\" _module_preset=\"default\" gallery_ids=\"11592,11596,11594,11590\" hover_enabled=\"0\" sticky_enabled=\"0\" show_title_and_caption=\"off\"][\/et_pb_gallery][\/et_pb_column][\/et_pb_row][et_pb_row admin_label=\"row\" _builder_version=\"3.25\" background_size=\"initial\" background_position=\"top_left\" background_repeat=\"repeat\" custom_padding=\"27px|0px|27px|0px\"][et_pb_column type=\"4_4\" _builder_version=\"3.25\" custom_padding=\" | || \" custom_padding__hover=\"|||\"][et_pb_text admin_label=\"Text\" _builder_version=\"3.27.4\" background_size=\"initial\" background_position=\"top_left\" background_repeat=\"repeat\" hover_enabled=\"0\" use_border_color=\"off\" border_style=\"solid\" sticky_enabled=\"0\"]<\/p><h1>Inspection de chaines d'ancrage au large d'Abidjan<\/h1><h5><em>SERAMAR - Abidjan, C\u00f4te d'Ivoire - 2018<br \/><\/em><\/h5><p>La soci\u00e9t\u00e9 ivoirienne de travaux sous-marins SERAMAR a confi\u00e9 \u00e0 Subsea Tech l'inspection visuelle par mini-ROV de 6 cha\u00eenes d\u2019ancrage de la bou\u00e9e IMODCO de la SIR (Soci\u00e9t\u00e9 Ivorienne de Raffinage), situ\u00e9e au large des c\u00f4tes d\u2019Abidjan. La mission consistait \u00e9galement \u00e0 d\u00e9terminer la position GPS exacte des ancres pour chacune des chaines. L'op\u00e9ration a \u00e9t\u00e9 men\u00e9e avec un mini-ROV Guardian \u00e9quip\u00e9 d'un syst\u00e8me de positionnement acoustique USBL SeaTrac (Blueprint Subsea), ce dernier servant \u00e0 relever les coordonn\u00e9es g\u00e9ographiques des ancres.<\/p><p>[\/et_pb_text][\/et_pb_column][\/et_pb_row][et_pb_row _builder_version=\"4.9.4\" _module_preset=\"default\"][et_pb_column _builder_version=\"4.9.4\" _module_preset=\"default\" type=\"4_4\"][et_pb_gallery _builder_version=\"4.9.4\" _module_preset=\"default\" gallery_ids=\"11600,11604,11602,11606\" hover_enabled=\"0\" sticky_enabled=\"0\" show_title_and_caption=\"off\"][\/et_pb_gallery][\/et_pb_column][\/et_pb_row][\/et_pb_section]<\/p>","_et_gb_content_width":"","footnotes":""},"class_list":["post-3296","page","type-page","status-publish","hentry"],"_links":{"self":[{"href":"https:\/\/www.subsea-tech.com\/fr\/wp-json\/wp\/v2\/pages\/3296","targetHints":{"allow":["GET"]}}],"collection":[{"href":"https:\/\/www.subsea-tech.com\/fr\/wp-json\/wp\/v2\/pages"}],"about":[{"href":"https:\/\/www.subsea-tech.com\/fr\/wp-json\/wp\/v2\/types\/page"}],"author":[{"embeddable":true,"href":"https:\/\/www.subsea-tech.com\/fr\/wp-json\/wp\/v2\/users\/1"}],"replies":[{"embeddable":true,"href":"https:\/\/www.subsea-tech.com\/fr\/wp-json\/wp\/v2\/comments?post=3296"}],"version-history":[{"count":0,"href":"https:\/\/www.subsea-tech.com\/fr\/wp-json\/wp\/v2\/pages\/3296\/revisions"}],"wp:attachment":[{"href":"https:\/\/www.subsea-tech.com\/fr\/wp-json\/wp\/v2\/media?parent=3296"}],"curies":[{"name":"wp","href":"https:\/\/api.w.org\/{rel}","templated":true}]}}