{"id":4521,"date":"2017-11-15T17:15:55","date_gmt":"2017-11-15T16:15:55","guid":{"rendered":"https:\/\/www.subsea-tech.com\/?page_id=4521"},"modified":"2026-03-12T11:10:38","modified_gmt":"2026-03-12T10:10:38","slug":"nucleaire","status":"publish","type":"page","link":"https:\/\/www.subsea-tech.com\/fr\/nucleaire\/","title":{"rendered":"Nucl\u00e9aire"},"content":{"rendered":"<p>[et_pb_section fb_built=&#8221;1&#8243; admin_label=&#8221;section&#8221; _builder_version=&#8221;4.22.1&#8243; background_image=&#8221;https:\/\/www.subsea-tech.com\/wp-content\/uploads\/2023\/11\/ST-Design-Nucleaire.jpg&#8221; custom_padding=&#8221;240px||40px|&#8221; transparent_background=&#8221;off&#8221; make_fullwidth=&#8221;off&#8221; use_custom_width=&#8221;off&#8221; width_unit=&#8221;off&#8221; custom_width_px=&#8221;1080px&#8221; custom_width_percent=&#8221;80%&#8221; global_colors_info=&#8221;{}&#8221;][et_pb_row admin_label=&#8221;row&#8221; _builder_version=&#8221;4.16&#8243; background_size=&#8221;initial&#8221; background_position=&#8221;top_left&#8221; background_repeat=&#8221;repeat&#8221; make_fullwidth=&#8221;off&#8221; use_custom_width=&#8221;off&#8221; width_unit=&#8221;off&#8221; custom_width_px=&#8221;1080px&#8221; custom_width_percent=&#8221;80%&#8221; global_colors_info=&#8221;{}&#8221;][et_pb_column type=&#8221;4_4&#8243; _builder_version=&#8221;4.16&#8243; custom_padding=&#8221;|||&#8221; global_colors_info=&#8221;{}&#8221; custom_padding__hover=&#8221;|||&#8221;][et_pb_text admin_label=&#8221;Text&#8221; _builder_version=&#8221;4.22.1&#8243; text_font_size=&#8221;20px&#8221; background_layout=&#8221;dark&#8221; header_text_shadow_style=&#8221;preset5&#8243; use_border_color=&#8221;off&#8221; border_style=&#8221;solid&#8221; global_colors_info=&#8221;{}&#8221; text_line_height=&#8221;2.5em&#8221; background_size=&#8221;initial&#8221; background_position=&#8221;top_left&#8221; background_repeat=&#8221;repeat&#8221;]<\/p>\n<p>Applications<\/p>\n<h1><strong>Nucl\u00e9aire<\/strong><\/h1>\n<p>[\/et_pb_text][\/et_pb_column][\/et_pb_row][\/et_pb_section][et_pb_section fb_built=&#8221;1&#8243; _builder_version=&#8221;4.16&#8243; background_color=&#8221;#fcfcfc&#8221; transparent_background=&#8221;off&#8221; global_colors_info=&#8221;{}&#8221; theme_builder_area=&#8221;post_content&#8221;][et_pb_row column_structure=&#8221;2_3,1_3&#8243; _builder_version=&#8221;4.27.5&#8243; background_size=&#8221;initial&#8221; background_position=&#8221;top_left&#8221; background_repeat=&#8221;repeat&#8221; global_colors_info=&#8221;{}&#8221; theme_builder_area=&#8221;post_content&#8221;][et_pb_column type=&#8221;2_3&#8243; _builder_version=&#8221;4.16&#8243; custom_padding=&#8221;|||&#8221; global_colors_info=&#8221;{}&#8221; custom_padding__hover=&#8221;|||&#8221; theme_builder_area=&#8221;post_content&#8221;][et_pb_text _builder_version=&#8221;4.27.5&#8243; background_size=&#8221;initial&#8221; background_position=&#8221;top_left&#8221; background_repeat=&#8221;repeat&#8221; hover_enabled=&#8221;0&#8243; use_border_color=&#8221;off&#8221; border_style=&#8221;solid&#8221; global_colors_info=&#8221;{}&#8221; theme_builder_area=&#8221;post_content&#8221; sticky_enabled=&#8221;0&#8243;]<\/p>\n<p data-start=\"549\" data-end=\"815\">Une trentaine de pays d\u00e9pendent partiellement de l\u2019\u00e9nergie nucl\u00e9aire pour leur production d\u2019\u00e9lectricit\u00e9, parmi lesquels les \u00c9tats-Unis, la France ou encore le Japon. En France, l\u2019\u00e9nergie nucl\u00e9aire repr\u00e9sente une part importante de la production \u00e9lectrique nationale.<\/p>\n<p data-start=\"817\" data-end=\"1158\">Les centrales nucl\u00e9aires utilisent des circuits de refroidissement aliment\u00e9s par des cours d\u2019eau ou des prises d\u2019eau en mer. Ces infrastructures hydrauliques comprennent des canalisations, des galeries d\u2019amen\u00e9e d\u2019eau et des bassins qui doivent faire l\u2019objet d\u2019inspections r\u00e9guli\u00e8res afin de garantir leur bon fonctionnement et leur s\u00e9curit\u00e9.<\/p>\n<p data-start=\"1160\" data-end=\"1387\">Gr\u00e2ce \u00e0 leurs dimensions compactes et \u00e0 leur grande maniabilit\u00e9, les mini-ROV Subsea Tech permettent d\u2019inspecter des zones confin\u00e9es ou difficiles d\u2019acc\u00e8s au sein des circuits de refroidissement et des installations nucl\u00e9aires.<\/p>\n<p data-start=\"1389\" data-end=\"1668\">La portabilit\u00e9, la simplicit\u00e9 de mise en \u0153uvre et l\u2019autonomie \u00e9nerg\u00e9tique de ces syst\u00e8mes offrent une grande flexibilit\u00e9 dans la planification et la r\u00e9alisation des inspections. Les ROV peuvent \u00eatre facilement transport\u00e9s d\u2019un site \u00e0 un autre et d\u00e9ploy\u00e9s par un op\u00e9rateur unique.<\/p>\n<p>[\/et_pb_text][\/et_pb_column][et_pb_column type=&#8221;1_3&#8243; _builder_version=&#8221;4.27.5&#8243; background_color=&#8221;#f4faff&#8221; custom_padding=&#8221;30px||30px||true|false&#8221; border_radii=&#8221;on|5px|5px|5px|5px&#8221; box_shadow_style=&#8221;preset6&#8243; box_shadow_blur=&#8221;4px&#8221; global_colors_info=&#8221;{}&#8221; custom_padding__hover=&#8221;|||&#8221; theme_builder_area=&#8221;post_content&#8221;][et_pb_text _builder_version=&#8221;4.27.5&#8243; _module_preset=&#8221;default&#8221; custom_padding=&#8221;|50px||50px|false|false&#8221; hover_enabled=&#8221;0&#8243; global_colors_info=&#8221;{}&#8221; theme_builder_area=&#8221;post_content&#8221; sticky_enabled=&#8221;0&#8243;]<\/p>\n<h2 data-section-id=\"1smcvzd\" data-start=\"1639\" data-end=\"1664\">Applications typiques<\/h2>\n<p data-start=\"1701\" data-end=\"1798\">Les solutions Subsea Tech sont utilis\u00e9es dans le secteur nucl\u00e9aire pour des missions telles que :<\/p>\n<ul data-start=\"1800\" data-end=\"2117\">\n<li data-section-id=\"yua0ss\" data-start=\"1800\" data-end=\"1869\">\n<p data-start=\"1802\" data-end=\"1869\">inspection de circuits de refroidissement de centrales nucl\u00e9aires<\/p>\n<\/li>\n<li data-section-id=\"im84yq\" data-start=\"1870\" data-end=\"1925\">\n<p data-start=\"1872\" data-end=\"1925\">inspection de prises d\u2019eau et galeries hydrauliques<\/p>\n<\/li>\n<li data-section-id=\"2uskwz\" data-start=\"1926\" data-end=\"1986\">\n<p data-start=\"1928\" data-end=\"1986\">inspection de piscines de refroidissement de combustible<\/p>\n<\/li>\n<li data-section-id=\"1mis00x\" data-start=\"1987\" data-end=\"2046\">\n<p data-start=\"1989\" data-end=\"2046\">inspection et nettoyage de cuves ou bassins de stockage<\/p>\n<\/li>\n<li data-section-id=\"1glz5so\" data-start=\"2047\" data-end=\"2117\">\n<p data-start=\"2049\" data-end=\"2117\">r\u00e9cup\u00e9ration de s\u00e9diments ou de d\u00e9chets en environnement contraint<\/p>\n<\/li>\n<\/ul>\n<p>[\/et_pb_text][\/et_pb_column][\/et_pb_row][\/et_pb_section][et_pb_section fb_built=&#8221;1&#8243; _builder_version=&#8221;4.16&#8243; custom_padding=&#8221;0px||0px|&#8221; top_divider_style=&#8221;asymmetric3&#8243; top_divider_color=&#8221;#3c3c3b&#8221; top_divider_height=&#8221;2px&#8221; top_divider_repeat=&#8221;1x&#8221; transparent_background=&#8221;off&#8221; global_colors_info=&#8221;{}&#8221; theme_builder_area=&#8221;post_content&#8221;][et_pb_row column_structure=&#8221;1_4,3_4&#8243; _builder_version=&#8221;4.27.5&#8243; background_size=&#8221;initial&#8221; background_position=&#8221;top_left&#8221; background_repeat=&#8221;repeat&#8221; global_colors_info=&#8221;{}&#8221; theme_builder_area=&#8221;post_content&#8221;][et_pb_column type=&#8221;1_4&#8243; _builder_version=&#8221;4.16&#8243; custom_padding=&#8221;|||&#8221; global_colors_info=&#8221;{}&#8221; custom_padding__hover=&#8221;|||&#8221; theme_builder_area=&#8221;post_content&#8221;][\/et_pb_column][et_pb_column type=&#8221;3_4&#8243; _builder_version=&#8221;4.16&#8243; custom_padding=&#8221;|||&#8221; global_colors_info=&#8221;{}&#8221; custom_padding__hover=&#8221;|||&#8221; theme_builder_area=&#8221;post_content&#8221;][et_pb_text _builder_version=&#8221;4.27.5&#8243; header_2_font=&#8221;|700|||||||&#8221; header_2_text_color=&#8221;#003366&#8243; header_2_font_size=&#8221;28px&#8221; header_2_line_height=&#8221;2.5em&#8221; use_border_color=&#8221;off&#8221; border_style=&#8221;solid&#8221; global_colors_info=&#8221;{}&#8221; theme_builder_area=&#8221;post_content&#8221; sticky_enabled=&#8221;0&#8243; background_size=&#8221;initial&#8221; background_position=&#8221;top_left&#8221; background_repeat=&#8221;repeat&#8221; header_3_line_height=&#8221;1.5em&#8221;]<\/p>\n<h2>Inspection de circuits de refroidissement<\/h2>\n<p data-start=\"2169\" data-end=\"2354\">Les circuits de refroidissement des centrales nucl\u00e9aires comprennent des prises d\u2019eau, des canalisations et des galeries hydrauliques permettant l\u2019alimentation en eau des installations.<\/p>\n<p data-start=\"2356\" data-end=\"2555\">Ces infrastructures doivent \u00eatre inspect\u00e9es r\u00e9guli\u00e8rement afin de v\u00e9rifier leur int\u00e9grit\u00e9, d\u00e9tecter d\u2019\u00e9ventuels d\u00e9p\u00f4ts ou obstructions et garantir le bon fonctionnement du syst\u00e8me de refroidissement.<\/p>\n<p data-start=\"2557\" data-end=\"2729\">Gr\u00e2ce \u00e0 leur compacit\u00e9, les mini-ROV Subsea Tech peuvent \u00eatre d\u00e9ploy\u00e9s dans des espaces confin\u00e9s et naviguer dans des conduites ou galeries difficiles d\u2019acc\u00e8s pour l\u2019homme.<\/p>\n<p data-start=\"2557\" data-end=\"2729\">\n<h3 data-section-id=\"7td32f\" data-start=\"2731\" data-end=\"2755\">Exemples de missions<\/h3>\n<ul data-start=\"2757\" data-end=\"2924\">\n<li data-section-id=\"2pf5y7\" data-start=\"2757\" data-end=\"2797\">\n<p data-start=\"2759\" data-end=\"2797\">inspection visuelle des prises d\u2019eau<\/p>\n<\/li>\n<li data-section-id=\"tw46gs\" data-start=\"2798\" data-end=\"2840\">\n<p data-start=\"2800\" data-end=\"2840\">inspection des galeries d\u2019amen\u00e9e d\u2019eau<\/p>\n<\/li>\n<li data-section-id=\"1e1hupo\" data-start=\"2841\" data-end=\"2924\">\n<p data-start=\"2843\" data-end=\"2924\">inspection de structures hydrauliques associ\u00e9es aux circuits de refroidissement<\/p>\n<\/li>\n<\/ul>\n<h3 data-section-id=\"1dal6og\" data-start=\"2926\" data-end=\"2939\">B\u00e9n\u00e9fices<\/h3>\n<ul data-start=\"2941\" data-end=\"3199\">\n<li data-section-id=\"1rq0s1c\" data-start=\"2941\" data-end=\"3014\">\n<p data-start=\"2943\" data-end=\"3014\">r\u00e9duction des co\u00fbts et des risques li\u00e9s aux inspections par plongeurs<\/p>\n<\/li>\n<li data-section-id=\"14nhzz8\" data-start=\"3015\" data-end=\"3068\">\n<p data-start=\"3017\" data-end=\"3068\">flexibilit\u00e9 dans la planification des inspections<\/p>\n<\/li>\n<li data-section-id=\"5k4eiz\" data-start=\"3069\" data-end=\"3123\">\n<p data-start=\"3071\" data-end=\"3123\">portabilit\u00e9 des \u00e9quipements entre diff\u00e9rents sites<\/p>\n<\/li>\n<li data-section-id=\"2ot4jt\" data-start=\"3124\" data-end=\"3199\">\n<p data-start=\"3126\" data-end=\"3199\">possibilit\u00e9 d\u2019inspection dans des environnements contraints ou irradi\u00e9s<\/p>\n<\/li>\n<\/ul>\n<ul data-start=\"2146\" data-end=\"2237\"><\/ul>\n<p>[\/et_pb_text][\/et_pb_column][\/et_pb_row][\/et_pb_section][et_pb_section fb_built=&#8221;1&#8243; _builder_version=&#8221;4.16&#8243; custom_padding=&#8221;0px||0px|&#8221; top_divider_style=&#8221;asymmetric3&#8243; top_divider_color=&#8221;#3c3c3b&#8221; top_divider_height=&#8221;2px&#8221; top_divider_repeat=&#8221;1x&#8221; transparent_background=&#8221;off&#8221; global_colors_info=&#8221;{}&#8221; theme_builder_area=&#8221;post_content&#8221;][et_pb_row column_structure=&#8221;1_4,3_4&#8243; _builder_version=&#8221;4.27.5&#8243; background_size=&#8221;initial&#8221; background_position=&#8221;top_left&#8221; background_repeat=&#8221;repeat&#8221; global_colors_info=&#8221;{}&#8221; theme_builder_area=&#8221;post_content&#8221;][et_pb_column type=&#8221;1_4&#8243; _builder_version=&#8221;4.16&#8243; custom_padding=&#8221;|||&#8221; global_colors_info=&#8221;{}&#8221; custom_padding__hover=&#8221;|||&#8221; theme_builder_area=&#8221;post_content&#8221;][et_pb_image src=&#8221;https:\/\/www.subsea-tech.com\/wp-content\/uploads\/2017\/11\/nuclear_waste.jpg&#8221; align_tablet=&#8221;center&#8221; align_phone=&#8221;center&#8221; align_last_edited=&#8221;on|desktop&#8221; admin_label=&#8221;Image&#8221; _builder_version=&#8221;4.16&#8243; animation_style=&#8221;slide&#8221; animation_direction=&#8221;left&#8221; animation_duration=&#8221;500ms&#8221; animation_intensity_slide=&#8221;10%&#8221; use_border_color=&#8221;off&#8221; border_color=&#8221;#ffffff&#8221; border_width=&#8221;1px&#8221; border_style=&#8221;solid&#8221; sticky=&#8221;off&#8221; always_center_on_mobile=&#8221;on&#8221; global_colors_info=&#8221;{}&#8221; theme_builder_area=&#8221;post_content&#8221;] [\/et_pb_image][\/et_pb_column][et_pb_column type=&#8221;3_4&#8243; _builder_version=&#8221;4.16&#8243; custom_padding=&#8221;|||&#8221; global_colors_info=&#8221;{}&#8221; custom_padding__hover=&#8221;|||&#8221; theme_builder_area=&#8221;post_content&#8221;][et_pb_text _builder_version=&#8221;4.27.5&#8243; header_2_font=&#8221;|700|||||||&#8221; header_2_text_color=&#8221;#003366&#8243; header_2_font_size=&#8221;28px&#8221; header_2_line_height=&#8221;2.5em&#8221; use_border_color=&#8221;off&#8221; border_style=&#8221;solid&#8221; global_colors_info=&#8221;{}&#8221; theme_builder_area=&#8221;post_content&#8221; sticky_enabled=&#8221;0&#8243; background_size=&#8221;initial&#8221; background_position=&#8221;top_left&#8221; background_repeat=&#8221;repeat&#8221; header_3_line_height=&#8221;1.5em&#8221; hover_enabled=&#8221;0&#8243;]<\/p>\n<h2>Inspection et nettoyage de cuves de stockage<\/h2>\n<p data-start=\"4009\" data-end=\"4144\">Certaines installations nucl\u00e9aires disposent de cuves ou de silos destin\u00e9s au stockage de s\u00e9diments ou de d\u00e9chets radioactifs immerg\u00e9s.<\/p>\n<p data-start=\"4146\" data-end=\"4318\">Subsea Tech a d\u00e9velopp\u00e9 un ROV destin\u00e9 \u00e0 r\u00e9cup\u00e9rer des s\u00e9diments radioactifs (surmont\u00e9s par une hauteur d\u2019eau de 1.50 m) stock\u00e9s dans des silos de l\u2019usine AREVA de La Hague. Le v\u00e9hicule est \u00e9quip\u00e9 d\u2019une pompe haute puissance et d\u2019un syst\u00e8me de d\u00e9compactage des boues, ainsi que d\u2019un syst\u00e8me de ballasts permettant un contr\u00f4le pr\u00e9cis de l\u2019altitude du ROV dans la tranche d\u2019eau, ainsi que de la force d\u2019appui sur les s\u00e9diments en phase de r\u00e9cup\u00e9ration.<\/p>\n<p data-start=\"4146\" data-end=\"4318\">\n<h3 data-section-id=\"7td32f\" data-start=\"4532\" data-end=\"4556\">Exemples de missions<\/h3>\n<ul data-start=\"4558\" data-end=\"4694\">\n<li data-section-id=\"1e8f8cf\" data-start=\"4558\" data-end=\"4599\">\n<p data-start=\"4560\" data-end=\"4599\">r\u00e9cup\u00e9ration de s\u00e9diments radioactifs<\/p>\n<\/li>\n<li data-section-id=\"zio42a\" data-start=\"4600\" data-end=\"4646\">\n<p data-start=\"4602\" data-end=\"4646\">nettoyage de cuves ou de silos de stockage<\/p>\n<\/li>\n<li data-section-id=\"aymrvr\" data-start=\"4647\" data-end=\"4694\">\n<p data-start=\"4649\" data-end=\"4694\">inspection visuelle des structures internes<\/p>\n<\/li>\n<\/ul>\n<h3 data-section-id=\"1dal6og\" data-start=\"4696\" data-end=\"4709\">B\u00e9n\u00e9fices<\/h3>\n<ul data-start=\"4711\" data-end=\"4888\">\n<li data-section-id=\"9b26bb\" data-start=\"4711\" data-end=\"4756\">\n<p data-start=\"4713\" data-end=\"4756\">r\u00e9duction des risques pour les op\u00e9rateurs<\/p>\n<\/li>\n<li data-section-id=\"k2ud56\" data-start=\"4757\" data-end=\"4818\">\n<p data-start=\"4759\" data-end=\"4818\">am\u00e9lioration de la s\u00e9curit\u00e9 des op\u00e9rations de maintenance<\/p>\n<\/li>\n<li data-section-id=\"1nlm52j\" data-start=\"4819\" data-end=\"4888\">\n<p data-start=\"4821\" data-end=\"4888\">intervention robotis\u00e9e dans des environnements difficiles d\u2019acc\u00e8s<\/p>\n<\/li>\n<\/ul>\n<p>[\/et_pb_text][\/et_pb_column][\/et_pb_row][\/et_pb_section]<\/p>\n","protected":false},"excerpt":{"rendered":"<p>Applications Nucl\u00e9aireUne trentaine de pays d\u00e9pendent partiellement de l\u2019\u00e9nergie nucl\u00e9aire pour leur production d\u2019\u00e9lectricit\u00e9, parmi lesquels les \u00c9tats-Unis, la France ou encore le Japon. En France, l\u2019\u00e9nergie nucl\u00e9aire repr\u00e9sente une [&hellip;]<\/p>\n","protected":false},"author":1,"featured_media":0,"parent":0,"menu_order":0,"comment_status":"closed","ping_status":"closed","template":"","meta":{"_et_pb_use_builder":"on","_et_pb_old_content":"","_et_gb_content_width":"","footnotes":""},"class_list":["post-4521","page","type-page","status-publish","hentry"],"_links":{"self":[{"href":"https:\/\/www.subsea-tech.com\/fr\/wp-json\/wp\/v2\/pages\/4521","targetHints":{"allow":["GET"]}}],"collection":[{"href":"https:\/\/www.subsea-tech.com\/fr\/wp-json\/wp\/v2\/pages"}],"about":[{"href":"https:\/\/www.subsea-tech.com\/fr\/wp-json\/wp\/v2\/types\/page"}],"author":[{"embeddable":true,"href":"https:\/\/www.subsea-tech.com\/fr\/wp-json\/wp\/v2\/users\/1"}],"replies":[{"embeddable":true,"href":"https:\/\/www.subsea-tech.com\/fr\/wp-json\/wp\/v2\/comments?post=4521"}],"version-history":[{"count":1,"href":"https:\/\/www.subsea-tech.com\/fr\/wp-json\/wp\/v2\/pages\/4521\/revisions"}],"predecessor-version":[{"id":20146,"href":"https:\/\/www.subsea-tech.com\/fr\/wp-json\/wp\/v2\/pages\/4521\/revisions\/20146"}],"wp:attachment":[{"href":"https:\/\/www.subsea-tech.com\/fr\/wp-json\/wp\/v2\/media?parent=4521"}],"curies":[{"name":"wp","href":"https:\/\/api.w.org\/{rel}","templated":true}]}}