{"id":5736,"date":"2017-12-06T11:53:05","date_gmt":"2017-12-06T10:53:05","guid":{"rendered":"https:\/\/www.subsea-tech.com\/?page_id=5736"},"modified":"2022-10-07T11:53:28","modified_gmt":"2022-10-07T09:53:28","slug":"docking-station","status":"publish","type":"page","link":"https:\/\/www.subsea-tech.com\/fr\/docking-station\/","title":{"rendered":"Docking station"},"content":{"rendered":"<p>[et_pb_section fb_built=&#8221;1&#8243; admin_label=&#8221;section&#8221; _builder_version=&#8221;4.16&#8243; background_image=&#8221;https:\/\/www.subsea-tech.com\/wp-content\/uploads\/2017\/12\/top_dockingstation.jpg&#8221; custom_padding=&#8221;240px||40px|&#8221; transparent_background=&#8221;off&#8221; global_colors_info=&#8221;{}&#8221;][et_pb_row make_equal=&#8221;on&#8221; admin_label=&#8221;row&#8221; _builder_version=&#8221;4.16&#8243; global_colors_info=&#8221;{}&#8221;][et_pb_column type=&#8221;4_4&#8243; _builder_version=&#8221;4.16&#8243; custom_padding=&#8221;|||&#8221; custom_css_main_element=&#8221;display: flex; ||flex-direction: column; ||justify-content: center;&#8221; global_colors_info=&#8221;{}&#8221; custom_padding__hover=&#8221;|||&#8221;][et_pb_text admin_label=&#8221;Text&#8221; _builder_version=&#8221;4.18.0&#8243; background_layout=&#8221;dark&#8221; hover_enabled=&#8221;0&#8243; use_border_color=&#8221;off&#8221; border_style=&#8221;solid&#8221; global_colors_info=&#8221;{}&#8221; text_font_size=&#8221;18px&#8221; sticky_enabled=&#8221;0&#8243;]<\/p>\n<p>Innovation\u00a0&gt; Machines sp\u00e9ciales<\/p>\n<h1 style=\"font-weight: 400;\"><strong>Docking Station DGA<\/strong> Station d&#8217;arrimage et instrumentation pour AUV<\/h1>\n<p><strong>Client\/Utilisateur final : DGA<\/strong><\/p>\n<p>[\/et_pb_text][\/et_pb_column][\/et_pb_row][\/et_pb_section][et_pb_section fb_built=&#8221;1&#8243; _builder_version=&#8221;4.16&#8243; transparent_background=&#8221;off&#8221; global_colors_info=&#8221;{}&#8221;][et_pb_row _builder_version=&#8221;4.16&#8243; background_size=&#8221;initial&#8221; background_position=&#8221;top_left&#8221; background_repeat=&#8221;repeat&#8221; custom_padding=&#8221;27px|0px|0px|0px&#8221; global_colors_info=&#8221;{}&#8221;][et_pb_column type=&#8221;4_4&#8243; _builder_version=&#8221;4.16&#8243; custom_padding=&#8221;|||&#8221; global_colors_info=&#8221;{}&#8221; custom_padding__hover=&#8221;|||&#8221;][et_pb_text _builder_version=&#8221;4.18.0&#8243; hover_enabled=&#8221;0&#8243; global_colors_info=&#8221;{}&#8221; sticky_enabled=&#8221;0&#8243;]<\/p>\n<h2>Objectifs<\/h2>\n<p>SUBSEA TECH a con\u00e7u et r\u00e9alis\u00e9 une station d&#8217;arrimage sous-marine destin\u00e9e \u00e0 un AUV utilis\u00e9 par DGA Techniques Navales pour des exp\u00e9rimentations internes, et intervient \u00e9galement sur l&#8217;int\u00e9gration de sous-syst\u00e8mes (capteurs, modems\u2026) dans cet AUV.<\/p>\n<p>Outre le design m\u00e9canique original de cet \u00e9quipement r\u00e9alis\u00e9 \u00e0 cout maitris\u00e9, SUBSEA TECH a \u00e9galement assur\u00e9 la conception et l&#8217;int\u00e9gration de tous les \u00e9quipements \u00e9lectroniques n\u00e9cessaires \u00e0 l&#8217;application (calculateurs, centrale inertielle, compas, cam\u00e9ras, \u00e9clairages, communication\u2026)<\/p>\n<p>Les syst\u00e8mes de communication et de positionnement acoustiques n\u00e9cessaires au process de r\u00e9cup\u00e9ration ont \u00e9t\u00e9 \u00e9galement int\u00e9gr\u00e9s non seulement dans la structure d&#8217;accueil, mais \u00e9galement dans l&#8217;AUV. Des int\u00e9grations de sonars et des dispositifs de mise en \u0153uvre particuli\u00e8res du v\u00e9hicule (bou\u00e9es de communication, kits de MCO\u2026) ont \u00e9galement \u00e9t\u00e9 \u00e9tudi\u00e9s.<\/p>\n<p>Le syst\u00e8me complet est r\u00e9guli\u00e8rement utilis\u00e9, et SUBSEA TECH assure \u00e9galement la maintenance et les \u00e9volutions du mat\u00e9riel pour le compte de la DGA (march\u00e9 d&#8217;une dur\u00e9e de 5 ans).<\/p>\n<p>[\/et_pb_text][et_pb_gallery gallery_ids=&#8221;5808,5806,5804,5802&#8243; gallery_captions=&#8221;,,,&#8221; show_title_and_caption=&#8221;off&#8221; show_pagination=&#8221;off&#8221; _builder_version=&#8221;4.16&#8243; pagination_font_size_tablet=&#8221;51&#8243; pagination_line_height_tablet=&#8221;2&#8243; global_colors_info=&#8221;{}&#8221;][\/et_pb_gallery][\/et_pb_column][\/et_pb_row][\/et_pb_section][et_pb_section fb_built=&#8221;1&#8243; _builder_version=&#8221;4.16&#8243; background_color=&#8221;#f9f9f9&#8243; transparent_background=&#8221;off&#8221; global_colors_info=&#8221;{}&#8221;][et_pb_row _builder_version=&#8221;4.16&#8243; background_size=&#8221;initial&#8221; background_position=&#8221;top_left&#8221; background_repeat=&#8221;repeat&#8221; global_colors_info=&#8221;{}&#8221; column_structure=&#8221;1_2,1_4,1_4&#8243;][et_pb_column type=&#8221;1_2&#8243; _builder_version=&#8221;4.16&#8243; custom_padding=&#8221;|||&#8221; global_colors_info=&#8221;{}&#8221; custom_padding__hover=&#8221;|||&#8221;][et_pb_text _builder_version=&#8221;4.18.0&#8243; hover_enabled=&#8221;0&#8243; global_colors_info=&#8221;{}&#8221; sticky_enabled=&#8221;0&#8243;]<\/p>\n<h3><strong>Particularit\u00e9s du d\u00e9veloppement<\/strong><\/h3>\n<p>Conception et simulation par calcul des \u00e9l\u00e9ments d\u00e9formables qui servent d&#8217;amortisseur pour assurer la r\u00e9cup\u00e9ration de l&#8217;AUV sans d\u00e9g\u00e2ts \u00e0 vitesse \u00e9lev\u00e9e (AUV non man\u0153uvrable \u00e0 basse vitesse).<\/p>\n<p>[\/et_pb_text][\/et_pb_column][et_pb_column type=&#8221;1_4&#8243; _builder_version=&#8221;4.16&#8243; custom_padding=&#8221;|||&#8221; global_colors_info=&#8221;{}&#8221; custom_padding__hover=&#8221;|||&#8221;][et_pb_text _builder_version=&#8221;4.18.0&#8243; hover_enabled=&#8221;0&#8243; global_colors_info=&#8221;{}&#8221; sticky_enabled=&#8221;0&#8243;]<\/p>\n<h3><strong>Nos comp\u00e9tences<\/strong><\/h3>\n<ul>\n<li>Conception m\u00e9canique innovante<\/li>\n<li>Prise en main et mise \u00e0 niveau de mat\u00e9riel tiers complexe<\/li>\n<\/ul>\n<p>[\/et_pb_text][\/et_pb_column][et_pb_column type=&#8221;1_4&#8243; _builder_version=&#8221;4.16&#8243; custom_padding=&#8221;|||&#8221; global_colors_info=&#8221;{}&#8221; custom_padding__hover=&#8221;|||&#8221;][et_pb_text _builder_version=&#8221;4.18.0&#8243; hover_enabled=&#8221;0&#8243; global_colors_info=&#8221;{}&#8221; sticky_enabled=&#8221;0&#8243;]<\/p>\n<h3><strong>Chiffres cl\u00e9s<\/strong><\/h3>\n<ul>\n<li>Dimensions station d&#8217;arrimage (L x l x h): 2000 x 2000 x 3000 mm<\/li>\n<li>Masse (en air): 120 kg<\/li>\n<\/ul>\n<p>[\/et_pb_text][\/et_pb_column][\/et_pb_row][\/et_pb_section]<\/p>\n","protected":false},"excerpt":{"rendered":"<p>Innovation\u00a0&gt; Machines sp\u00e9ciales Docking Station DGA Station d&#8217;arrimage et instrumentation pour AUV Client\/Utilisateur final : DGAObjectifs SUBSEA TECH a con\u00e7u et r\u00e9alis\u00e9 une station d&#8217;arrimage sous-marine destin\u00e9e \u00e0 un AUV [&hellip;]<\/p>\n","protected":false},"author":1,"featured_media":0,"parent":0,"menu_order":0,"comment_status":"closed","ping_status":"closed","template":"","meta":{"_et_pb_use_builder":"on","_et_pb_old_content":"","_et_gb_content_width":"","footnotes":""},"class_list":["post-5736","page","type-page","status-publish","hentry"],"yoast_head":"<!-- This site is optimized with the Yoast SEO plugin v27.5 - https:\/\/yoast.com\/product\/yoast-seo-wordpress\/ -->\n<title>Subsea Tech - Docking station<\/title>\n<meta name=\"robots\" content=\"index, follow, max-snippet:-1, max-image-preview:large, max-video-preview:-1\" \/>\n<link rel=\"canonical\" href=\"https:\/\/www.subsea-tech.com\/fr\/docking-station\/\" \/>\n<meta property=\"og:locale\" content=\"fr_FR\" \/>\n<meta property=\"og:type\" content=\"article\" \/>\n<meta property=\"og:title\" content=\"Subsea Tech - Docking station\" \/>\n<meta property=\"og:description\" content=\"Innovation\u00a0&gt; Machines sp\u00e9ciales Docking Station DGA Station d&#039;arrimage et instrumentation pour AUV Client\/Utilisateur final : DGAObjectifs SUBSEA TECH a con\u00e7u et r\u00e9alis\u00e9 une station d&#039;arrimage sous-marine destin\u00e9e \u00e0 un AUV [&hellip;]\" \/>\n<meta property=\"og:url\" content=\"https:\/\/www.subsea-tech.com\/fr\/docking-station\/\" \/>\n<meta property=\"og:site_name\" content=\"Subsea Tech\" \/>\n<meta property=\"article:modified_time\" content=\"2022-10-07T09:53:28+00:00\" \/>\n<meta property=\"og:image\" content=\"https:\/\/www.subsea-tech.com\/wp-content\/uploads\/2023\/07\/ST-Image-Site.jpg\" \/>\n\t<meta property=\"og:image:width\" content=\"1200\" \/>\n\t<meta property=\"og:image:height\" content=\"675\" \/>\n\t<meta property=\"og:image:type\" content=\"image\/jpeg\" \/>\n<meta name=\"twitter:card\" content=\"summary_large_image\" \/>\n<meta name=\"twitter:site\" content=\"@SubseaTech_\" \/>\n<script type=\"application\/ld+json\" class=\"yoast-schema-graph\">{\"@context\":\"https:\\\/\\\/schema.org\",\"@graph\":[{\"@type\":\"WebPage\",\"@id\":\"https:\\\/\\\/www.subsea-tech.com\\\/fr\\\/docking-station\\\/\",\"url\":\"https:\\\/\\\/www.subsea-tech.com\\\/fr\\\/docking-station\\\/\",\"name\":\"Subsea Tech - Docking station\",\"isPartOf\":{\"@id\":\"https:\\\/\\\/www.subsea-tech.com\\\/#website\"},\"datePublished\":\"2017-12-06T10:53:05+00:00\",\"dateModified\":\"2022-10-07T09:53:28+00:00\",\"breadcrumb\":{\"@id\":\"https:\\\/\\\/www.subsea-tech.com\\\/fr\\\/docking-station\\\/#breadcrumb\"},\"inLanguage\":\"fr-FR\",\"potentialAction\":[{\"@type\":\"ReadAction\",\"target\":[\"https:\\\/\\\/www.subsea-tech.com\\\/fr\\\/docking-station\\\/\"]}]},{\"@type\":\"BreadcrumbList\",\"@id\":\"https:\\\/\\\/www.subsea-tech.com\\\/fr\\\/docking-station\\\/#breadcrumb\",\"itemListElement\":[{\"@type\":\"ListItem\",\"position\":1,\"name\":\"Accueil | Home\",\"item\":\"https:\\\/\\\/www.subsea-tech.com\\\/fr\\\/accueil\\\/\"},{\"@type\":\"ListItem\",\"position\":2,\"name\":\"Machines sp\u00e9ciales\",\"item\":\"https:\\\/\\\/www.subsea-tech.com\\\/fr\\\/category\\\/machines-speciales\\\/\"},{\"@type\":\"ListItem\",\"position\":3,\"name\":\"Docking station\"}]},{\"@type\":\"WebSite\",\"@id\":\"https:\\\/\\\/www.subsea-tech.com\\\/#website\",\"url\":\"https:\\\/\\\/www.subsea-tech.com\\\/\",\"name\":\"Subsea Tech\",\"description\":\"Marine and Underwater Technologies\",\"publisher\":{\"@id\":\"https:\\\/\\\/www.subsea-tech.com\\\/#organization\"},\"potentialAction\":[{\"@type\":\"SearchAction\",\"target\":{\"@type\":\"EntryPoint\",\"urlTemplate\":\"https:\\\/\\\/www.subsea-tech.com\\\/?s={search_term_string}\"},\"query-input\":{\"@type\":\"PropertyValueSpecification\",\"valueRequired\":true,\"valueName\":\"search_term_string\"}}],\"inLanguage\":\"fr-FR\"},{\"@type\":\"Organization\",\"@id\":\"https:\\\/\\\/www.subsea-tech.com\\\/#organization\",\"name\":\"Subsea Tech\",\"url\":\"https:\\\/\\\/www.subsea-tech.com\\\/\",\"logo\":{\"@type\":\"ImageObject\",\"inLanguage\":\"fr-FR\",\"@id\":\"https:\\\/\\\/www.subsea-tech.com\\\/#\\\/schema\\\/logo\\\/image\\\/\",\"url\":\"https:\\\/\\\/www.subsea-tech.com\\\/wp-content\\\/uploads\\\/2017\\\/12\\\/Logo_Base_ST_2017.png\",\"contentUrl\":\"https:\\\/\\\/www.subsea-tech.com\\\/wp-content\\\/uploads\\\/2017\\\/12\\\/Logo_Base_ST_2017.png\",\"width\":648,\"height\":648,\"caption\":\"Subsea Tech\"},\"image\":{\"@id\":\"https:\\\/\\\/www.subsea-tech.com\\\/#\\\/schema\\\/logo\\\/image\\\/\"},\"sameAs\":[\"https:\\\/\\\/x.com\\\/SubseaTech_\",\"https:\\\/\\\/www.linkedin.com\\\/company\\\/subsea-tech\",\"https:\\\/\\\/www.youtube.com\\\/channel\\\/UCXTPqbfcCPWNnEgF4Ey7IHQ\",\"https:\\\/\\\/www.instagram.com\\\/subseatech\"]}]}<\/script>\n<!-- \/ Yoast SEO plugin. -->","yoast_head_json":{"title":"Subsea Tech - Docking station","robots":{"index":"index","follow":"follow","max-snippet":"max-snippet:-1","max-image-preview":"max-image-preview:large","max-video-preview":"max-video-preview:-1"},"canonical":"https:\/\/www.subsea-tech.com\/fr\/docking-station\/","og_locale":"fr_FR","og_type":"article","og_title":"Subsea Tech - Docking station","og_description":"Innovation\u00a0&gt; Machines sp\u00e9ciales Docking Station DGA Station d'arrimage et instrumentation pour AUV Client\/Utilisateur final : DGAObjectifs SUBSEA TECH a con\u00e7u et r\u00e9alis\u00e9 une station d'arrimage sous-marine destin\u00e9e \u00e0 un AUV [&hellip;]","og_url":"https:\/\/www.subsea-tech.com\/fr\/docking-station\/","og_site_name":"Subsea Tech","article_modified_time":"2022-10-07T09:53:28+00:00","og_image":[{"width":1200,"height":675,"url":"https:\/\/www.subsea-tech.com\/wp-content\/uploads\/2023\/07\/ST-Image-Site.jpg","type":"image\/jpeg"}],"twitter_card":"summary_large_image","twitter_site":"@SubseaTech_","schema":{"@context":"https:\/\/schema.org","@graph":[{"@type":"WebPage","@id":"https:\/\/www.subsea-tech.com\/fr\/docking-station\/","url":"https:\/\/www.subsea-tech.com\/fr\/docking-station\/","name":"Subsea Tech - Docking station","isPartOf":{"@id":"https:\/\/www.subsea-tech.com\/#website"},"datePublished":"2017-12-06T10:53:05+00:00","dateModified":"2022-10-07T09:53:28+00:00","breadcrumb":{"@id":"https:\/\/www.subsea-tech.com\/fr\/docking-station\/#breadcrumb"},"inLanguage":"fr-FR","potentialAction":[{"@type":"ReadAction","target":["https:\/\/www.subsea-tech.com\/fr\/docking-station\/"]}]},{"@type":"BreadcrumbList","@id":"https:\/\/www.subsea-tech.com\/fr\/docking-station\/#breadcrumb","itemListElement":[{"@type":"ListItem","position":1,"name":"Accueil | Home","item":"https:\/\/www.subsea-tech.com\/fr\/accueil\/"},{"@type":"ListItem","position":2,"name":"Machines sp\u00e9ciales","item":"https:\/\/www.subsea-tech.com\/fr\/category\/machines-speciales\/"},{"@type":"ListItem","position":3,"name":"Docking station"}]},{"@type":"WebSite","@id":"https:\/\/www.subsea-tech.com\/#website","url":"https:\/\/www.subsea-tech.com\/","name":"Subsea Tech","description":"Marine and Underwater Technologies","publisher":{"@id":"https:\/\/www.subsea-tech.com\/#organization"},"potentialAction":[{"@type":"SearchAction","target":{"@type":"EntryPoint","urlTemplate":"https:\/\/www.subsea-tech.com\/?s={search_term_string}"},"query-input":{"@type":"PropertyValueSpecification","valueRequired":true,"valueName":"search_term_string"}}],"inLanguage":"fr-FR"},{"@type":"Organization","@id":"https:\/\/www.subsea-tech.com\/#organization","name":"Subsea Tech","url":"https:\/\/www.subsea-tech.com\/","logo":{"@type":"ImageObject","inLanguage":"fr-FR","@id":"https:\/\/www.subsea-tech.com\/#\/schema\/logo\/image\/","url":"https:\/\/www.subsea-tech.com\/wp-content\/uploads\/2017\/12\/Logo_Base_ST_2017.png","contentUrl":"https:\/\/www.subsea-tech.com\/wp-content\/uploads\/2017\/12\/Logo_Base_ST_2017.png","width":648,"height":648,"caption":"Subsea Tech"},"image":{"@id":"https:\/\/www.subsea-tech.com\/#\/schema\/logo\/image\/"},"sameAs":["https:\/\/x.com\/SubseaTech_","https:\/\/www.linkedin.com\/company\/subsea-tech","https:\/\/www.youtube.com\/channel\/UCXTPqbfcCPWNnEgF4Ey7IHQ","https:\/\/www.instagram.com\/subseatech"]}]}},"_links":{"self":[{"href":"https:\/\/www.subsea-tech.com\/fr\/wp-json\/wp\/v2\/pages\/5736","targetHints":{"allow":["GET"]}}],"collection":[{"href":"https:\/\/www.subsea-tech.com\/fr\/wp-json\/wp\/v2\/pages"}],"about":[{"href":"https:\/\/www.subsea-tech.com\/fr\/wp-json\/wp\/v2\/types\/page"}],"author":[{"embeddable":true,"href":"https:\/\/www.subsea-tech.com\/fr\/wp-json\/wp\/v2\/users\/1"}],"replies":[{"embeddable":true,"href":"https:\/\/www.subsea-tech.com\/fr\/wp-json\/wp\/v2\/comments?post=5736"}],"version-history":[{"count":0,"href":"https:\/\/www.subsea-tech.com\/fr\/wp-json\/wp\/v2\/pages\/5736\/revisions"}],"wp:attachment":[{"href":"https:\/\/www.subsea-tech.com\/fr\/wp-json\/wp\/v2\/media?parent=5736"}],"curies":[{"name":"wp","href":"https:\/\/api.w.org\/{rel}","templated":true}]}}