{"id":5823,"date":"2017-12-06T12:21:16","date_gmt":"2017-12-06T11:21:16","guid":{"rendered":"https:\/\/www.subsea-tech.com\/?page_id=5823"},"modified":"2022-10-11T15:14:53","modified_gmt":"2022-10-11T13:14:53","slug":"portique-dga","status":"publish","type":"page","link":"https:\/\/www.subsea-tech.com\/fr\/portique-dga\/","title":{"rendered":"Portique DGA"},"content":{"rendered":"<p>[et_pb_section fb_built=&#8221;1&#8243; admin_label=&#8221;section&#8221; _builder_version=&#8221;4.16&#8243; background_image=&#8221;https:\/\/www.subsea-tech.com\/wp-content\/uploads\/2017\/12\/top_portiquedga.jpg&#8221; custom_padding=&#8221;240px||40px|&#8221; transparent_background=&#8221;off&#8221; global_colors_info=&#8221;{}&#8221;][et_pb_row make_equal=&#8221;on&#8221; admin_label=&#8221;row&#8221; _builder_version=&#8221;4.16&#8243; background_size=&#8221;initial&#8221; background_position=&#8221;top_left&#8221; background_repeat=&#8221;repeat&#8221; global_colors_info=&#8221;{}&#8221;][et_pb_column type=&#8221;4_4&#8243; _builder_version=&#8221;4.16&#8243; custom_padding=&#8221;|||&#8221; custom_css_main_element=&#8221;display: flex; ||flex-direction: column; ||justify-content: center;&#8221; global_colors_info=&#8221;{}&#8221; custom_padding__hover=&#8221;|||&#8221;][et_pb_text admin_label=&#8221;Text&#8221; _builder_version=&#8221;4.18.0&#8243; background_size=&#8221;initial&#8221; background_position=&#8221;top_left&#8221; background_repeat=&#8221;repeat&#8221; background_layout=&#8221;dark&#8221; hover_enabled=&#8221;0&#8243; use_border_color=&#8221;off&#8221; border_style=&#8221;solid&#8221; global_colors_info=&#8221;{}&#8221; sticky_enabled=&#8221;0&#8243; text_font_size=&#8221;18px&#8221;]<\/p>\n<p>Innovation\u00a0&gt; Machines sp\u00e9ciales<\/p>\n<h1 style=\"font-weight: 400;\"><strong>Image Acquisition DGA<\/strong> Banc d&#8217;acquisition automatis\u00e9e d&#8217;imagerie sous-marine<\/h1>\n<p><strong>Client\/Utilisateur final : DGA<\/strong><\/p>\n<p>[\/et_pb_text][\/et_pb_column][\/et_pb_row][\/et_pb_section][et_pb_section fb_built=&#8221;1&#8243; _builder_version=&#8221;4.16&#8243; transparent_background=&#8221;off&#8221; global_colors_info=&#8221;{}&#8221;][et_pb_row _builder_version=&#8221;4.16&#8243; background_size=&#8221;initial&#8221; background_position=&#8221;top_left&#8221; background_repeat=&#8221;repeat&#8221; custom_padding=&#8221;27px|0px|0px|0px&#8221; global_colors_info=&#8221;{}&#8221;][et_pb_column type=&#8221;4_4&#8243; _builder_version=&#8221;4.16&#8243; custom_padding=&#8221;|||&#8221; global_colors_info=&#8221;{}&#8221; custom_padding__hover=&#8221;|||&#8221;][et_pb_text _builder_version=&#8221;4.18.0&#8243; background_size=&#8221;initial&#8221; background_position=&#8221;top_left&#8221; background_repeat=&#8221;repeat&#8221; hover_enabled=&#8221;0&#8243; global_colors_info=&#8221;{}&#8221; sticky_enabled=&#8221;0&#8243;]<\/p>\n<h2>Objectifs<\/h2>\n<p>Dans le cadre d&#8217;un programme de R&amp;D li\u00e9 \u00e0 la d\u00e9tection de mines sous-marines, la DGA a confi\u00e9 \u00e0 SUBSEA TECH un projet dont le but \u00e9tait de d\u00e9terminer de mani\u00e8re aussi exhaustive que possible l&#8217;influence de divers param\u00e8tres de prises de vue sous-marines sur la qualit\u00e9 de l&#8217;image obtenue.<\/p>\n<p>Un banc d&#8217;acquisition automatis\u00e9 a \u00e9t\u00e9 d\u00e9velopp\u00e9 pour cela. Il a permis de g\u00e9rer de mani\u00e8re rapide et pr\u00e9cise les tr\u00e8s nombreuses combinaisons de param\u00e8tres de prise de vue: position\/orientation des capteurs (cam\u00e9ras vid\u00e9os et sonars) et des sources lumineuses, types et nombre d&#8217;\u00e9clairages, turbidit\u00e9, type de fond (sable, rocher, algues\u2026), etc\u2026<\/p>\n<p>Pour chaque image acquise, des techniques de segmentation originales ont \u00e9t\u00e9 d\u00e9velopp\u00e9es afin d&#8217;\u00e9valuer si l&#8217;information contenue dans l&#8217;image est exploitable ou pas en termes de d\u00e9tection et d&#8217;identification de cibles, et de constituer au final une base de donn\u00e9es \u00e0 l&#8217;aide de techniques pouvant s&#8217;apparenter \u00e0 du &#8220;big learning&#8221;.<\/p>\n<p>[\/et_pb_text][et_pb_gallery gallery_ids=&#8221;5819,5821,5817,5815&#8243; gallery_captions=&#8221;,,,&#8221; show_title_and_caption=&#8221;off&#8221; show_pagination=&#8221;off&#8221; _builder_version=&#8221;4.16&#8243; custom_css_main_element=&#8221;||&#8221; global_colors_info=&#8221;{}&#8221;][\/et_pb_gallery][\/et_pb_column][\/et_pb_row][\/et_pb_section][et_pb_section fb_built=&#8221;1&#8243; _builder_version=&#8221;4.16&#8243; background_color=&#8221;#f9f9f9&#8243; transparent_background=&#8221;off&#8221; global_colors_info=&#8221;{}&#8221;][et_pb_row _builder_version=&#8221;4.16&#8243; background_size=&#8221;initial&#8221; background_position=&#8221;top_left&#8221; background_repeat=&#8221;repeat&#8221; global_colors_info=&#8221;{}&#8221; column_structure=&#8221;1_2,1_4,1_4&#8243;][et_pb_column type=&#8221;1_2&#8243; _builder_version=&#8221;4.16&#8243; custom_padding=&#8221;|||&#8221; global_colors_info=&#8221;{}&#8221; custom_padding__hover=&#8221;|||&#8221;][et_pb_text _builder_version=&#8221;4.18.0&#8243; background_size=&#8221;initial&#8221; background_position=&#8221;top_left&#8221; background_repeat=&#8221;repeat&#8221; hover_enabled=&#8221;0&#8243; global_colors_info=&#8221;{}&#8221; sticky_enabled=&#8221;0&#8243;]<\/p>\n<h2><strong>Particularit\u00e9s du d\u00e9veloppement<\/strong><\/h2>\n<p>Des techniques originales de traitement d&#8217;images vid\u00e9o et sonar sous-marines (notamment segmentation) et de gestion de base de donn\u00e9es, ont \u00e9t\u00e9 d\u00e9velopp\u00e9es pour ce projet, et associ\u00e9es \u00e0 des algorithmes d&#8217;auto-apprentissage.<\/p>\n<p>[\/et_pb_text][\/et_pb_column][et_pb_column type=&#8221;1_4&#8243; _builder_version=&#8221;4.16&#8243; custom_padding=&#8221;|||&#8221; global_colors_info=&#8221;{}&#8221; custom_padding__hover=&#8221;|||&#8221;][et_pb_text _builder_version=&#8221;4.18.0&#8243; background_size=&#8221;initial&#8221; background_position=&#8221;top_left&#8221; background_repeat=&#8221;repeat&#8221; hover_enabled=&#8221;0&#8243; global_colors_info=&#8221;{}&#8221; sticky_enabled=&#8221;0&#8243;]<\/p>\n<h2><strong>Nos comp\u00e9tences<\/strong><\/h2>\n<ul>\n<li>Marinisation de cam\u00e9ras sp\u00e9ciales<\/li>\n<li>Maitrise de l&#8217;\u00e9clairage sous-marin<\/li>\n<li>Traitements complexes d&#8217;images vid\u00e9o et sonar<\/li>\n<\/ul>\n<p>[\/et_pb_text][\/et_pb_column][et_pb_column type=&#8221;1_4&#8243; _builder_version=&#8221;4.16&#8243; custom_padding=&#8221;|||&#8221; global_colors_info=&#8221;{}&#8221; custom_padding__hover=&#8221;|||&#8221;][et_pb_text _builder_version=&#8221;4.18.0&#8243; background_size=&#8221;initial&#8221; background_position=&#8221;top_left&#8221; background_repeat=&#8221;repeat&#8221; hover_enabled=&#8221;0&#8243; global_colors_info=&#8221;{}&#8221; sticky_enabled=&#8221;0&#8243;]<\/p>\n<h2><strong>Chiffres cl\u00e9s<\/strong><\/h2>\n<ul>\n<li>8000 images acquises et trait\u00e9es<\/li>\n<li>400 Go de donn\u00e9es produites<\/li>\n<li>Plus de 300 configurations diff\u00e9rentes du syst\u00e8me d&#8217;acquisition (position, orientation, nombre et types d&#8217;\u00e9clairages\u2026)<\/li>\n<\/ul>\n<p>[\/et_pb_text][\/et_pb_column][\/et_pb_row][\/et_pb_section]<\/p>\n","protected":false},"excerpt":{"rendered":"<p>Innovation\u00a0&gt; Machines sp\u00e9ciales Image Acquisition DGA Banc d&#8217;acquisition automatis\u00e9e d&#8217;imagerie sous-marine Client\/Utilisateur final : DGAObjectifs Dans le cadre d&#8217;un programme de R&amp;D li\u00e9 \u00e0 la d\u00e9tection de mines sous-marines, la [&hellip;]<\/p>\n","protected":false},"author":1,"featured_media":0,"parent":0,"menu_order":0,"comment_status":"closed","ping_status":"closed","template":"","meta":{"_et_pb_use_builder":"on","_et_pb_old_content":"","_et_gb_content_width":"","footnotes":""},"class_list":["post-5823","page","type-page","status-publish","hentry"],"_links":{"self":[{"href":"https:\/\/www.subsea-tech.com\/fr\/wp-json\/wp\/v2\/pages\/5823","targetHints":{"allow":["GET"]}}],"collection":[{"href":"https:\/\/www.subsea-tech.com\/fr\/wp-json\/wp\/v2\/pages"}],"about":[{"href":"https:\/\/www.subsea-tech.com\/fr\/wp-json\/wp\/v2\/types\/page"}],"author":[{"embeddable":true,"href":"https:\/\/www.subsea-tech.com\/fr\/wp-json\/wp\/v2\/users\/1"}],"replies":[{"embeddable":true,"href":"https:\/\/www.subsea-tech.com\/fr\/wp-json\/wp\/v2\/comments?post=5823"}],"version-history":[{"count":0,"href":"https:\/\/www.subsea-tech.com\/fr\/wp-json\/wp\/v2\/pages\/5823\/revisions"}],"wp:attachment":[{"href":"https:\/\/www.subsea-tech.com\/fr\/wp-json\/wp\/v2\/media?parent=5823"}],"curies":[{"name":"wp","href":"https:\/\/api.w.org\/{rel}","templated":true}]}}