{"id":676,"date":"2017-01-18T12:10:56","date_gmt":"2017-01-18T11:10:56","guid":{"rendered":"https:\/\/www.subsea-tech.com?page_id=676"},"modified":"2022-10-27T11:51:07","modified_gmt":"2022-10-27T09:51:07","slug":"mentions-legales","status":"publish","type":"page","link":"https:\/\/www.subsea-tech.com\/fr\/mentions-legales\/","title":{"rendered":"Mentions l\u00e9gales"},"content":{"rendered":"<p>[et_pb_section fb_built=&#8221;1&#8243; _builder_version=&#8221;4.16&#8243; background_image=&#8221;https:\/\/www.subsea-tech.com\/wp-content\/uploads\/2017\/12\/legalnotes.jpg&#8221; custom_padding=&#8221;200px|||&#8221; global_colors_info=&#8221;{}&#8221;][et_pb_row _builder_version=&#8221;4.16&#8243; global_colors_info=&#8221;{}&#8221;][et_pb_column type=&#8221;4_4&#8243; _builder_version=&#8221;4.16&#8243; custom_padding=&#8221;|||&#8221; global_colors_info=&#8221;{}&#8221; custom_padding__hover=&#8221;|||&#8221;][et_pb_text _builder_version=&#8221;4.16&#8243; text_font=&#8221;||||||||&#8221; background_layout=&#8221;dark&#8221; global_colors_info=&#8221;{}&#8221;]<\/p>\n<h1><strong>Mentions l\u00e9gales<\/strong><\/h1>\n<p>[\/et_pb_text][\/et_pb_column][\/et_pb_row][\/et_pb_section][et_pb_section fb_built=&#8221;1&#8243; custom_padding_last_edited=&#8221;on|desktop&#8221; admin_label=&#8221;section&#8221; _builder_version=&#8221;4.16&#8243; custom_padding=&#8221;|||&#8221; custom_padding_tablet=&#8221;50px|0|50px|0&#8243; custom_padding_phone=&#8221;&#8221; transparent_background=&#8221;off&#8221; padding_mobile=&#8221;off&#8221; global_colors_info=&#8221;{}&#8221;][et_pb_row column_structure=&#8221;1_2,1_2&#8243; _builder_version=&#8221;4.16&#8243; background_color=&#8221;#f7f7f7&#8243; custom_margin=&#8221;|||&#8221; custom_padding=&#8221;|20px||20px&#8221; border_radii=&#8221;on|8px|8px|8px|8px&#8221; global_colors_info=&#8221;{}&#8221;][et_pb_column type=&#8221;1_2&#8243; _builder_version=&#8221;4.16&#8243; custom_padding=&#8221;|||&#8221; global_colors_info=&#8221;{}&#8221; custom_padding__hover=&#8221;|||&#8221;][et_pb_text _builder_version=&#8221;4.16&#8243; global_colors_info=&#8221;{}&#8221;]<strong style=\"font-size:16px;\">SUBSEA TECH<\/strong><br \/>\n167 Plage de l&#8217;Estaque 13016 MARSEILLE<\/p>\n<p>Tel.: +33 (0)4 91 51 76 71<br \/>\nFax.: +33 (0)4 91 51 59 60<\/p>\n<p>Soci\u00e9t\u00e9 par actions simplifi\u00e9e au capital de 60 000,00 Euros<br \/>\n485 282 370 R.C.S. Marseille[\/et_pb_text][\/et_pb_column][et_pb_column type=&#8221;1_2&#8243; _builder_version=&#8221;4.16&#8243; custom_padding=&#8221;|||&#8221; global_colors_info=&#8221;{}&#8221; custom_padding__hover=&#8221;|||&#8221;][et_pb_text _builder_version=&#8221;4.18.0&#8243; hover_enabled=&#8221;0&#8243; global_colors_info=&#8221;{}&#8221; sticky_enabled=&#8221;0&#8243;]<\/p>\n<p><strong style=\"font-size: 16px;\">Responsable de publication<br \/><\/strong>Le\u00efla David \u2013 <a href=\"mailto:leila.david@subsea-tech.com\">leila.david@subsea-tech.com<\/a><\/p>\n<p><strong style=\"font-size: 16px;\">Webmaster<br \/><\/strong>Le\u00efla David \u2013 <a href=\"mailto:leila.david@subsea-tech.com\">leila.david@subsea-tech.com<\/a><\/p>\n<p><strong style=\"font-size: 16px;\">Cr\u00e9ateur du site<br \/><\/strong>SUBSEA TECH &#8211;\u00a0<a href=\"https:\/\/www.subsea-tech.com\">www.subsea-tech.com<\/a><\/p>\n<p>[\/et_pb_text][\/et_pb_column][\/et_pb_row][et_pb_row _builder_version=&#8221;4.16&#8243; background_size=&#8221;initial&#8221; background_position=&#8221;top_left&#8221; background_repeat=&#8221;repeat&#8221; global_colors_info=&#8221;{}&#8221;][et_pb_column type=&#8221;4_4&#8243; _builder_version=&#8221;4.16&#8243; custom_padding=&#8221;|||&#8221; global_colors_info=&#8221;{}&#8221; custom_padding__hover=&#8221;|||&#8221;][et_pb_text _builder_version=&#8221;4.18.0&#8243; header_2_font_size=&#8221;20px&#8221; global_colors_info=&#8221;{}&#8221;]<\/p>\n<h2><strong>PRESTATAIRE D&#8217;HEBERGEMENT<\/strong><\/h2>\n<p>La politique du site <a href=\"https:\/\/www.subsea-tech.com\" title=\"SAS SUBSEA TECH - www.subsea-tech.com\">www.subsea-tech.com<\/a> est en conformit\u00e9 avec la loi n\u00b02004-575 du 21 juin 2004 pour la confiance dans l&#8217;\u00e9conomie num\u00e9rique.<\/p>\n<h2>H\u00e9bergement du site<\/h2>\n<p>OVH SAS &#8211; 2 rue Kellermann &#8211; 59100 Roubaix<\/p>\n<h2><strong>CONDITIONS GENERALES D&#8217;UTILISATION DU SITE ET DES SERVICES PROPOSES<\/strong><\/h2>\n<p>L\u2019utilisation du site <a href=\"https:\/\/www.subsea-tech.com\" title=\"SAS SUBSEA TECH - www.subsea-tech.com\">www.subsea-tech.com<\/a> implique l\u2019acceptation pleine et enti\u00e8re des conditions g\u00e9n\u00e9rales d\u2019utilisation ci-apr\u00e8s d\u00e9crites. Ces conditions d\u2019utilisation sont susceptibles d\u2019\u00eatre modifi\u00e9es ou compl\u00e9t\u00e9es \u00e0 tout moment, les utilisateurs du site <a href=\"https:\/\/www.subsea-tech.com\" title=\"SAS SUBSEA TECH - www.subsea-tech.com\">www.subsea-tech.com<\/a> sont donc invit\u00e9s \u00e0 les consulter de mani\u00e8re r\u00e9guli\u00e8re.\u00a0<span style=\"font-size: 14px;\">Ce site est normalement accessible \u00e0 tout moment aux utilisateurs. Une interruption pour raison de maintenance technique peut \u00eatre toutefois d\u00e9cid\u00e9e par SUBSEA TECH, qui s\u2019efforcera alors de communiquer pr\u00e9alablement aux utilisateurs les dates et heures de l\u2019intervention.\u00a0<\/span><span style=\"font-size: 14px;\">Le site <\/span><a href=\"https:\/\/www.subsea-tech.com\" title=\"SAS SUBSEA TECH - www.subsea-tech.com\" style=\"font-size: 14px;\">www.subsea-tech.com<\/a><span style=\"font-size: 14px;\"> est mis \u00e0 jour r\u00e9guli\u00e8rement. De la m\u00eame fa\u00e7on, les mentions l\u00e9gales peuvent \u00eatre modifi\u00e9es \u00e0 tout moment : elles s\u2019imposent n\u00e9anmoins \u00e0 l\u2019utilisateur qui est invit\u00e9 \u00e0 s\u2019y r\u00e9f\u00e9rer le plus souvent possible afin d\u2019en prendre connaissance.<\/span><\/p>\n<h2><strong>PROTECTION ET TRAITEMENT DE DONNEES A CARACTERE PERSONNEL<\/strong><\/h2>\n<p>L&#8217;\u00e9quipe du site <a href=\"https:\/\/www.subsea-tech.com\" title=\"SAS SUBSEA TECH - www.subsea-tech.com\">www.subsea-tech.com<\/a> est particuli\u00e8rement attentive au respect des obligations l\u00e9gales de tout \u00e9diteur de site internet et suit les recommandations de la commission nationale de l&#8217;informatique et des libert\u00e9s (CNIL).<\/p>\n<h2>Respect des lois en vigueur<\/h2>\n<p>Le site <a href=\"https:\/\/www.subsea-tech.com\" title=\"SAS SUBSEA TECH - www.subsea-tech.com\">www.subsea-tech.com<\/a> respecte la vie priv\u00e9e de l&#8217;internaute et se conforme strictement aux lois en vigueur sur la protection de la vie priv\u00e9e et des libert\u00e9s individuelles et est en accord avec le r\u00e9glement 2016\/679, dit r\u00e9glement g\u00e9n\u00e9ral sur la protection des donn\u00e9es (RGPD). Aucune information personnelle n&#8217;est collect\u00e9e \u00e0 votre insu. Aucune information personnelle n&#8217;est c\u00e9d\u00e9e \u00e0 des tiers. Les courriels, les adresses \u00e9lectroniques ou autres informations nominatives dont ce site est destinataire ne font l&#8217;objet d&#8217;aucune exploitation et ne sont conserv\u00e9s que pour la dur\u00e9e n\u00e9cessaire \u00e0 leur traitement.<\/p>\n<h2>D\u00e9claration CNIL<\/h2>\n<p>Le site <a href=\"https:\/\/www.subsea-tech.com\" title=\"SAS SUBSEA TECH - www.subsea-tech.com\">www.subsea-tech.com<\/a> a fait l&#8217;objet d&#8217;une d\u00e9claration des traitements automatis\u00e9s mis en oeuvre dans le cadre des sites internet aupr\u00e8s de la commission nationale de l&#8217;informatique et des libert\u00e9s et est enregistr\u00e9 sous le r\u00e9c\u00e9piss\u00e9 de d\u00e9claration n\u00b0 2129775.<\/p>\n<h2>Droit des internautes : droit d&#8217;acc\u00e8s et de rectification<\/h2>\n<p>Conform\u00e9ment aux dispositions de la loi n\u00b078-17 du 6 janvier 1978 relative \u00e0 l&#8217;informatique, aux fichiers et aux libert\u00e9s, les internautes disposent d&#8217;un droit d&#8217;acc\u00e8s, de modification, de rectification et de suppression des donn\u00e9es qui les concernent. Ce droit s&#8217;exerce par voie postale, en justifiant de son identit\u00e9, \u00e0 l&#8217;adresse suivante :<\/p>\n<p>SUBSEA TECH &#8211; 167 Plage de l&#8217;Estaque 13016 MARSEILLE<\/p>\n<h2>Donn\u00e9es statistiques : tra\u00e7abilit\u00e9 et profilage<\/h2>\n<p>Lors de leur navigation sur le site, les internautes laissent des traces informatiques. Cet ensemble d&#8217;informations est recueilli \u00e0 l&#8217;aide d&#8217;un t\u00e9moin de connexion appel\u00e9 cookie qui ne contient, toutefois, aucune information personnelle.\u00a0<span style=\"font-size: 14px;\">Ces donn\u00e9es de connexion permettent des extractions statistiques et sont conserv\u00e9es pendant un an.\u00a0<\/span><\/p>\n<p>Tout internaute a la possibilit\u00e9 de refuser l&#8217;enregistrement de ces donn\u00e9es en modifiant la configuration du navigateur de son ordinateur qui autorise ou non l&#8217;enregistrement de cookies. Nous vous recommandons la lecture de la rubrique d&#8217;aide de votre navigateur qui vous pr\u00e9cisera la marche \u00e0 suivre.<\/p>\n<h2>Utilisation des donn\u00e9es<\/h2>\n<p><span style=\"font-size: 14px;\">Lors de l&#8217;utilisation d&#8217;un formulaire de contact, les donn\u00e9es receuillies servent uniquement \u00e0 recontacter le demandeur. En cochant la case &#8220;Accepter la politique de confidentialit\u00e9&#8221;, vous autorisez Subsea Tech \u00e0 traiter et conserver ces donn\u00e9es, jusqu&#8217;\u00e0 demande de retractation. Ces donn\u00e9es ne sont jamais transmises \u00e0 un organisme tiers. Les donn\u00e9es sont archiv\u00e9es par le service commercial et seulement consultables par ce m\u00eame service et par la direction de Subsea Tech.<\/span><\/p>\n<p>[\/et_pb_text][\/et_pb_column][\/et_pb_row][\/et_pb_section]<\/p>\n","protected":false},"excerpt":{"rendered":"<p>Mentions l\u00e9galesSUBSEA TECH 167 Plage de l&#8217;Estaque 13016 MARSEILLE Tel.: +33 (0)4 91 51 76 71 Fax.: +33 (0)4 91 51 59 60 Soci\u00e9t\u00e9 par actions simplifi\u00e9e au capital de [&hellip;]<\/p>\n","protected":false},"author":1,"featured_media":0,"parent":0,"menu_order":0,"comment_status":"closed","ping_status":"closed","template":"","meta":{"_et_pb_use_builder":"on","_et_pb_old_content":"","_et_gb_content_width":"","footnotes":""},"class_list":["post-676","page","type-page","status-publish","hentry"],"_links":{"self":[{"href":"https:\/\/www.subsea-tech.com\/fr\/wp-json\/wp\/v2\/pages\/676","targetHints":{"allow":["GET"]}}],"collection":[{"href":"https:\/\/www.subsea-tech.com\/fr\/wp-json\/wp\/v2\/pages"}],"about":[{"href":"https:\/\/www.subsea-tech.com\/fr\/wp-json\/wp\/v2\/types\/page"}],"author":[{"embeddable":true,"href":"https:\/\/www.subsea-tech.com\/fr\/wp-json\/wp\/v2\/users\/1"}],"replies":[{"embeddable":true,"href":"https:\/\/www.subsea-tech.com\/fr\/wp-json\/wp\/v2\/comments?post=676"}],"version-history":[{"count":0,"href":"https:\/\/www.subsea-tech.com\/fr\/wp-json\/wp\/v2\/pages\/676\/revisions"}],"wp:attachment":[{"href":"https:\/\/www.subsea-tech.com\/fr\/wp-json\/wp\/v2\/media?parent=676"}],"curies":[{"name":"wp","href":"https:\/\/api.w.org\/{rel}","templated":true}]}}