{"id":9462,"date":"2019-09-03T15:25:54","date_gmt":"2019-09-03T13:25:54","guid":{"rendered":"https:\/\/www.subsea-tech.com\/?page_id=9462"},"modified":"2022-10-07T11:58:34","modified_gmt":"2022-10-07T09:58:34","slug":"feder","status":"publish","type":"page","link":"https:\/\/www.subsea-tech.com\/fr\/feder\/","title":{"rendered":"FEDER"},"content":{"rendered":"<p>[et_pb_section fb_built=&#8221;1&#8243; fullwidth=&#8221;on&#8221; _builder_version=&#8221;4.16&#8243; global_colors_info=&#8221;{}&#8221;][et_pb_fullwidth_header title=&#8221;FEDER&#8221; subhead=&#8221;Etude et d\u00e9veloppement de composants avanc\u00e9s pour robots marins et sous-marins&#8221; _builder_version=&#8221;4.18.0&#8243; subhead_font=&#8221;||||||||&#8221; subhead_text_color=&#8221;#f3da0b&#8221; subhead_font_size=&#8221;21px&#8221; subhead_line_height=&#8221;1.9em&#8221; background_color=&#8221;#003366&#8243; custom_padding=&#8221;185px||15px&#8221; hover_enabled=&#8221;0&#8243; global_colors_info=&#8221;{}&#8221; sticky_enabled=&#8221;0&#8243;]<\/p>\n<p>Subsea Tech investit actuellement une grande partie de ses b\u00e9n\u00e9fices en R&amp;D afin de d\u00e9velopper les nouveaux produits plus complexes devant servir de relais de croissance \u00e0 court terme (2-3 ans). Les innovations fonctionnelles de ces produits (ex : propulsion, autonomie, fonctions intelligentes, int\u00e9gration de nouveaux capteurs, d\u00e9veloppement d\u2019applications\u2026) absorbent une bonne partie des ressources de R&amp;D, parfois au d\u00e9triment de fonctions \u00ab utilitaires \u00bb qui ne sont pas forc\u00e9ment tr\u00e8s \u00ab visibles \u00bb, mais qui requi\u00e8rent un haut niveau de technologie, et qui sont ultra-critiques pour\u00a0 assurer un fonctionnement performant, fiable et s\u00e9curitif des syst\u00e8mes apte \u00e0 rassurer les donneurs d\u2019ordre : ceci constitue donc une condition sine qua non de succ\u00e8s \u00e9conomique.<\/p>\n<p>[\/et_pb_fullwidth_header][\/et_pb_section][et_pb_section fb_built=&#8221;1&#8243; _builder_version=&#8221;4.16&#8243; global_colors_info=&#8221;{}&#8221;][et_pb_row _builder_version=&#8221;4.16&#8243; global_colors_info=&#8221;{}&#8221; column_structure=&#8221;1_2,1_2&#8243;][et_pb_column type=&#8221;1_2&#8243; _builder_version=&#8221;4.16&#8243; custom_padding=&#8221;|||&#8221; global_colors_info=&#8221;{}&#8221; custom_padding__hover=&#8221;|||&#8221;][et_pb_image src=&#8221;https:\/\/www.subsea-tech.com\/wp-content\/uploads\/2018\/12\/Logo-FEDER.png&#8221; align=&#8221;center&#8221; align_tablet=&#8221;center&#8221; align_last_edited=&#8221;on|desktop&#8221; _builder_version=&#8221;4.16&#8243; width=&#8221;300px&#8221; module_alignment=&#8221;center&#8221; global_colors_info=&#8221;{}&#8221; align_phone=&#8221;center&#8221;][\/et_pb_image][\/et_pb_column][et_pb_column type=&#8221;1_2&#8243; _builder_version=&#8221;4.16&#8243; custom_padding=&#8221;|||&#8221; global_colors_info=&#8221;{}&#8221; custom_padding__hover=&#8221;|||&#8221;][et_pb_image src=&#8221;https:\/\/www.subsea-tech.com\/wp-content\/uploads\/2018\/12\/1280px-Logo_PACA_2018.svg.png&#8221; align=&#8221;center&#8221; align_tablet=&#8221;center&#8221; align_last_edited=&#8221;on|desktop&#8221; _builder_version=&#8221;4.16&#8243; width=&#8221;300px&#8221; module_alignment=&#8221;center&#8221; global_colors_info=&#8221;{}&#8221; align_phone=&#8221;center&#8221;][\/et_pb_image][\/et_pb_column][\/et_pb_row][et_pb_row _builder_version=&#8221;4.16&#8243; global_colors_info=&#8221;{}&#8221;][et_pb_column type=&#8221;4_4&#8243; _builder_version=&#8221;4.16&#8243; custom_padding=&#8221;|||&#8221; global_colors_info=&#8221;{}&#8221; custom_padding__hover=&#8221;|||&#8221;][et_pb_text _builder_version=&#8221;4.16&#8243; global_colors_info=&#8221;{}&#8221;]<\/p>\n<p>Le projet Etude et d\u00e9veloppement de composants avanc\u00e9s pour robots marins et sous-marins, accompagn\u00e9 financi\u00e8rement \u00e0 50% par FEDER (Fonds Europ\u00e9en de D\u00e9veloppement R\u00e9gional), a pour objectif de permettre aux produits de SUBSEA TECH de rester comp\u00e9titifs dans un march\u00e9 de plus en plus concurrentiel, avec notamment plusieurs nouveaux entrants en provenance d\u2019Am\u00e9rique du Nord et d\u2019Europe de l\u2019Est. Cela passe obligatoirement par le d\u00e9veloppement de nouvelles<\/p>\n<p>capacit\u00e9s, notamment en termes performances, de s\u00e9curit\u00e9 op\u00e9rationnelle et de de robustesse, correspondant aux nouvelles attentes des clients fran\u00e7ais et \u00e9trangers.<\/p>\n<p>Ces axes de d\u00e9veloppement sont :<br \/>&#8211; Syst\u00e8mes de communications robustes : filaire et longue distance sur cuivre pour les robots sous-marins, radio haut d\u00e9bit, s\u00e9curis\u00e9 et longue distance pour les USV<br \/>&#8211; Syst\u00e8mes de positionnement fiables et pr\u00e9cis, principalement pour les ROVs : USBL (positionnement acoustique sous-marin), compas low cost fiable<br \/>&#8211; Durcissement op\u00e9rationnel pour les USV : int\u00e9gration s\u00e9curis\u00e9e dans l\u2019environnement \u00ab public \u00bb (d\u00e9tection et \u00e9vitement d\u2019obstacle, r\u00e8gles de navigation, signalisation, int\u00e9gration AIS\u2026)<br \/>&#8211; Propulsion innovante pour ROV<\/p>\n<p>Il est important de noter que des solutions existent parfois pour certaines de ces probl\u00e9matiques, mais elles sont inadapt\u00e9es \u00e0 ce qui fait la sp\u00e9cificit\u00e9 (et l\u2019avantage concurrentiel) des produits de Subsea Tech : la taille tr\u00e8s r\u00e9duite et le cout maitris\u00e9 des produits.<\/p>\n<p>[\/et_pb_text][\/et_pb_column][\/et_pb_row][et_pb_row _builder_version=&#8221;4.16&#8243; global_colors_info=&#8221;{}&#8221;][et_pb_column type=&#8221;4_4&#8243; _builder_version=&#8221;4.16&#8243; custom_padding=&#8221;|||&#8221; global_colors_info=&#8221;{}&#8221; custom_padding__hover=&#8221;|||&#8221;][et_pb_text _builder_version=&#8221;4.18.0&#8243; text_font=&#8221;||||||||&#8221; background_color=&#8221;#0c71c3&#8243; background_layout=&#8221;dark&#8221; custom_margin=&#8221;||&#8221; custom_padding=&#8221;20px|30px|20px|30px|true|true&#8221; hover_enabled=&#8221;0&#8243; border_radii=&#8221;on|10px|10px|10px|10px&#8221; global_colors_info=&#8221;{}&#8221; sticky_enabled=&#8221;0&#8243;]<\/p>\n<p>Le co\u00fbt total pr\u00e9visionnel de l&#8217;op\u00e9ration est de 391 960 \u20ac<\/p>\n<p style=\"float: left; margin-top: 3px;\"><strong>Montant europ\u00e9en accord\u00e9 : 195 980 \u20ac<\/strong>\u00a0<\/p>\n<p>(50% du co\u00fbt total)<\/p>\n<p>[\/et_pb_text][\/et_pb_column][\/et_pb_row][\/et_pb_section]<\/p>\n","protected":false},"excerpt":{"rendered":"<p>Subsea Tech investit actuellement une grande partie de ses b\u00e9n\u00e9fices en R&amp;D afin de d\u00e9velopper les nouveaux produits plus complexes devant servir de relais de croissance \u00e0 court terme (2-3 [&hellip;]<\/p>\n","protected":false},"author":1,"featured_media":6701,"parent":0,"menu_order":0,"comment_status":"closed","ping_status":"closed","template":"","meta":{"_et_pb_use_builder":"on","_et_pb_old_content":"","_et_gb_content_width":"","footnotes":""},"class_list":["post-9462","page","type-page","status-publish","has-post-thumbnail","hentry"],"_links":{"self":[{"href":"https:\/\/www.subsea-tech.com\/fr\/wp-json\/wp\/v2\/pages\/9462","targetHints":{"allow":["GET"]}}],"collection":[{"href":"https:\/\/www.subsea-tech.com\/fr\/wp-json\/wp\/v2\/pages"}],"about":[{"href":"https:\/\/www.subsea-tech.com\/fr\/wp-json\/wp\/v2\/types\/page"}],"author":[{"embeddable":true,"href":"https:\/\/www.subsea-tech.com\/fr\/wp-json\/wp\/v2\/users\/1"}],"replies":[{"embeddable":true,"href":"https:\/\/www.subsea-tech.com\/fr\/wp-json\/wp\/v2\/comments?post=9462"}],"version-history":[{"count":0,"href":"https:\/\/www.subsea-tech.com\/fr\/wp-json\/wp\/v2\/pages\/9462\/revisions"}],"wp:featuredmedia":[{"embeddable":true,"href":"https:\/\/www.subsea-tech.com\/fr\/wp-json\/wp\/v2\/media\/6701"}],"wp:attachment":[{"href":"https:\/\/www.subsea-tech.com\/fr\/wp-json\/wp\/v2\/media?parent=9462"}],"curies":[{"name":"wp","href":"https:\/\/api.w.org\/{rel}","templated":true}]}}